{"id":12896,"date":"2022-08-27T17:45:42","date_gmt":"2022-08-27T15:45:42","guid":{"rendered":"https:\/\/maecha.comores-network.com\/?page_id=12896"},"modified":"2022-10-30T23:47:01","modified_gmt":"2022-10-30T22:47:01","slug":"les-membres","status":"publish","type":"page","link":"https:\/\/enfants-lumieres.com\/en\/les-membres\/","title":{"rendered":"Les Membres"},"content":{"rendered":"<div class=\"wpb-content-wrapper\"><div data-vc-full-width=\"true\" data-vc-full-width-init=\"false\" class=\"vc_row wpb_row vc_row-fluid services-section3 vc_custom_1488171687432\"><div class=\"wpb_column vc_column_container vc_col-sm-12\"><div class=\"vc_column-inner\" style=\" text-align:center; \"><div class=\"wpb_wrapper\"><div class=\"ult-animation  ult-animate-viewport  ult-no-mobile\" data-animate=\"bounceIn\" data-animation-delay=\"0.5\" data-animation-duration=\"1\" data-animation-iteration=\"1\" style=\"opacity:0;\" data-opacity_start_effect=\"\"><h2 style=\"color: #673ab7;text-align: center\" class=\"vc_custom_heading\" >Conseil d'administration <\/h2>\n\t<div  class=\"wpb_single_image wpb_content_element vc_align_center wpb_content_element\">\n\t\t\n\t\t<figure class=\"wpb_wrapper vc_figure\">\n\t\t\t<div class=\"vc_single_image-wrapper   vc_box_border_grey\"><img loading=\"lazy\" decoding=\"async\" width=\"86\" height=\"10\" src=\"https:\/\/enfants-lumieres.com\/wp-content\/uploads\/2016\/11\/title_bg.png\" class=\"vc_single_image-img attachment-full\" alt=\"img\" title=\"title_bg\" srcset=\"https:\/\/enfants-lumieres.com\/wp-content\/uploads\/2016\/11\/title_bg.png 86w, https:\/\/enfants-lumieres.com\/wp-content\/uploads\/2016\/11\/title_bg-18x2.png 18w\" sizes=\"auto, (max-width: 86px) 100vw, 86px\" \/><\/div>\n\t\t<\/figure>\n\t<\/div>\n<\/div><div class=\"ult-spacer spacer-69e19fd96ffc2\" data-id=\"69e19fd96ffc2\" data-height=\"10\" data-height-mobile=\"10\" data-height-tab=\"10\" data-height-tab-portrait=\"\" data-height-mobile-landscape=\"\" style=\"clear:both;display:block;\"><\/div><div class=\"vc_row wpb_row vc_inner vc_row-fluid\"><div class=\"wpb_column vc_column_container vc_col-sm-6\"><div class=\"vc_column-inner vc_custom_1488171570857\"><div class=\"wpb_wrapper\"><div class=\"ult-animation  ult-animate-viewport  ult-no-mobile\" data-animate=\"fadeIn\" data-animation-delay=\"0.8\" data-animation-duration=\"1\" data-animation-iteration=\"1\" style=\"opacity:0;\" data-opacity_start_effect=\"\"><div class='dt-sc-team type2'><div class='dt-sc-team-thumb'><img loading=\"lazy\" decoding=\"async\" width=\"252\" height=\"296\" src=\"https:\/\/enfants-lumieres.com\/wp-content\/uploads\/2022\/10\/Untitled-2.jpg\" class=\"attachment-full\" alt=\"\" title=\"Untitled-2\" srcset=\"https:\/\/enfants-lumieres.com\/wp-content\/uploads\/2022\/10\/Untitled-2.jpg 252w, https:\/\/enfants-lumieres.com\/wp-content\/uploads\/2022\/10\/Untitled-2-10x12.jpg 10w\" sizes=\"auto, (max-width: 252px) 100vw, 252px\" \/><div class='dt-sc-team-thumb-overlay'><ul class='dt-sc-team-social'><li><a class=\"fa fa-facebook\" href=\"#\" title=\"Facebook\"><\/a><\/li><li><a class=\"fa fa-google-plus\" href=\"#\" title=\"Google\"><\/a><\/li><\/ul><\/div><\/div><div class='dt-sc-team-details'><h4>Saidou Anzilati<\/h4><h5>Pr\u00e9sidente<\/h5><p>Educatrice sp\u00e9cialis\u00e9e dans l&rsquo;autisme, responsable du programme p\u00e9dagogique de l&rsquo;\u00e9cole Maternelle Les Enfants lumi\u00e8res.<\/p><\/div><\/div><\/div><\/div><\/div><\/div><div class=\"wpb_column vc_column_container vc_col-sm-6\"><div class=\"vc_column-inner vc_custom_1488171584318\"><div class=\"wpb_wrapper\"><div class=\"ult-animation  ult-animate-viewport  ult-no-mobile\" data-animate=\"fadeIn\" data-animation-delay=\"1.7\" data-animation-duration=\"1\" data-animation-iteration=\"1\" style=\"opacity:0;\" data-opacity_start_effect=\"\"><div class='dt-sc-team type2'><div class='dt-sc-team-thumb'><img loading=\"lazy\" decoding=\"async\" width=\"400\" height=\"400\" src=\"https:\/\/enfants-lumieres.com\/wp-content\/uploads\/2022\/10\/1580420328644.jpg\" class=\"attachment-full\" alt=\"\" title=\"1580420328644\" srcset=\"https:\/\/enfants-lumieres.com\/wp-content\/uploads\/2022\/10\/1580420328644.jpg 400w, https:\/\/enfants-lumieres.com\/wp-content\/uploads\/2022\/10\/1580420328644-300x300.jpg 300w, https:\/\/enfants-lumieres.com\/wp-content\/uploads\/2022\/10\/1580420328644-150x150.jpg 150w, https:\/\/enfants-lumieres.com\/wp-content\/uploads\/2022\/10\/1580420328644-12x12.jpg 12w, https:\/\/enfants-lumieres.com\/wp-content\/uploads\/2022\/10\/1580420328644-100x100.jpg 100w\" sizes=\"auto, (max-width: 400px) 100vw, 400px\" \/><div class='dt-sc-team-thumb-overlay'><ul class='dt-sc-team-social'><li><a class=\"fa fa-linkedin\" href=\"https:\/\/www.linkedin.com\/in\/salim-galfane-7aba769a\/\" title=\"Linkedin\"><\/a><\/li><\/ul><\/div><\/div><div class='dt-sc-team-details'><h4>Salim Galfane<\/h4><h5>Tr\u00e9sorier<\/h5><p>Consultant principal dans l&rsquo;\u00e9dition de logiciels, responsable du budget de l&rsquo;association et des programmes d&rsquo;affectations des fonds.<\/p><\/div><\/div><\/div><\/div><\/div><\/div><\/div><div class=\"vc_row wpb_row vc_inner vc_row-fluid\"><div class=\"wpb_column vc_column_container vc_col-sm-6\"><div class=\"vc_column-inner vc_custom_1488171578271\"><div class=\"wpb_wrapper\"><div class=\"ult-animation  ult-animate-viewport  ult-no-mobile\" data-animate=\"fadeIn\" data-animation-delay=\"1.4\" data-animation-duration=\"1\" data-animation-iteration=\"1\" style=\"opacity:0;\" data-opacity_start_effect=\"\"><div class='dt-sc-team type2 alter'><div class='dt-sc-team-thumb'><img loading=\"lazy\" decoding=\"async\" width=\"339\" height=\"301\" src=\"https:\/\/enfants-lumieres.com\/wp-content\/uploads\/2022\/10\/anlia.jpg\" class=\"attachment-full\" alt=\"\" title=\"anlia\" srcset=\"https:\/\/enfants-lumieres.com\/wp-content\/uploads\/2022\/10\/anlia.jpg 339w, https:\/\/enfants-lumieres.com\/wp-content\/uploads\/2022\/10\/anlia-300x266.jpg 300w, https:\/\/enfants-lumieres.com\/wp-content\/uploads\/2022\/10\/anlia-14x12.jpg 14w\" sizes=\"auto, (max-width: 339px) 100vw, 339px\" \/><div class='dt-sc-team-thumb-overlay'><ul class='dt-sc-team-social'><li><a class=\"fa fa-twitter\" href=\"#\" title=\"Twitter\"><\/a><\/li><li><a class=\"fa fa-facebook\" href=\"#\" title=\"Facebook\"><\/a><\/li><li><a class=\"fa fa-google-plus\" href=\"#\" title=\"Google\"><\/a><\/li><li><a class=\"fa fa-linkedin\" href=\"#\" title=\"Linkedin\"><\/a><\/li><\/ul><\/div><\/div><div class='dt-sc-team-details'><h4>Saidou Anlia<\/h4><h5>Secr\u00e9taire<\/h5><p><p style=\"text-align: left;\">Assistante administrative, veille au respect des clauses statutaires et assurer le suivi des d\u00e9cisions prise en assembl\u00e9e g\u00e9n\u00e9rale.<\/p><\/p><\/div><\/div><\/div><\/div><\/div><\/div><div class=\"wpb_column vc_column_container vc_col-sm-6\"><div class=\"vc_column-inner vc_custom_1488171593685\"><div class=\"wpb_wrapper\"><div class=\"ult-animation  ult-animate-viewport  ult-no-mobile\" data-animate=\"fadeIn\" data-animation-delay=\"1.1\" data-animation-duration=\"1\" data-animation-iteration=\"1\" style=\"opacity:0;\" data-opacity_start_effect=\"\"><div class='dt-sc-team type2 alter'><div class='dt-sc-team-thumb'><img loading=\"lazy\" decoding=\"async\" width=\"350\" height=\"350\" src=\"https:\/\/enfants-lumieres.com\/wp-content\/uploads\/2022\/10\/youmna.jpg\" class=\"attachment-full\" alt=\"\" title=\"youmna\" srcset=\"https:\/\/enfants-lumieres.com\/wp-content\/uploads\/2022\/10\/youmna.jpg 350w, https:\/\/enfants-lumieres.com\/wp-content\/uploads\/2022\/10\/youmna-300x300.jpg 300w, https:\/\/enfants-lumieres.com\/wp-content\/uploads\/2022\/10\/youmna-150x150.jpg 150w, https:\/\/enfants-lumieres.com\/wp-content\/uploads\/2022\/10\/youmna-12x12.jpg 12w, https:\/\/enfants-lumieres.com\/wp-content\/uploads\/2022\/10\/youmna-100x100.jpg 100w\" sizes=\"auto, (max-width: 350px) 100vw, 350px\" \/><div class='dt-sc-team-thumb-overlay'><ul class='dt-sc-team-social'><li><a class=\"fa fa-twitter\" href=\"#\" title=\"Twitter\"><\/a><\/li><li><a class=\"fa fa-facebook\" href=\"#\" title=\"Facebook\"><\/a><\/li><li><a class=\"fa fa-google-plus\" href=\"#\" title=\"Google\"><\/a><\/li><li><a class=\"fa fa-linkedin\" href=\"https:\/\/www.linkedin.com\/in\/youmnahalifa\/\" title=\"Linkedin\"><\/a><\/li><\/ul><\/div><\/div><div class='dt-sc-team-details'><h4>Halifa Youmna<\/h4><h5>Webmaster<\/h5><p><p style=\"text-align: left;\">Ing\u00e9nieur d\u00e9veloppeuse qualit\u00e9 logicielle, en charge du maintien en condition op\u00e9rationnelle du site web de l&rsquo;association et de sa mise \u00e0 jour.<\/p><\/p><\/div><\/div><\/div><\/div><\/div><\/div><\/div><div class=\"vc_row wpb_row vc_inner vc_row-fluid\"><div class=\"wpb_column vc_column_container vc_col-sm-6\"><div class=\"vc_column-inner vc_custom_1488171578271\"><div class=\"wpb_wrapper\"><div class=\"ult-animation  ult-animate-viewport  ult-no-mobile\" data-animate=\"fadeIn\" data-animation-delay=\"1.4\" data-animation-duration=\"1\" data-animation-iteration=\"1\" style=\"opacity:0;\" data-opacity_start_effect=\"\"><div class='dt-sc-team type2 alter'><div class='dt-sc-team-thumb'><img loading=\"lazy\" decoding=\"async\" width=\"400\" height=\"400\" src=\"https:\/\/enfants-lumieres.com\/wp-content\/uploads\/2022\/10\/1635960859686.jpeg\" class=\"attachment-full\" alt=\"\" title=\"1635960859686\" srcset=\"https:\/\/enfants-lumieres.com\/wp-content\/uploads\/2022\/10\/1635960859686.jpeg 400w, https:\/\/enfants-lumieres.com\/wp-content\/uploads\/2022\/10\/1635960859686-300x300.jpeg 300w, https:\/\/enfants-lumieres.com\/wp-content\/uploads\/2022\/10\/1635960859686-150x150.jpeg 150w, https:\/\/enfants-lumieres.com\/wp-content\/uploads\/2022\/10\/1635960859686-12x12.jpeg 12w, https:\/\/enfants-lumieres.com\/wp-content\/uploads\/2022\/10\/1635960859686-100x100.jpeg 100w\" sizes=\"auto, (max-width: 400px) 100vw, 400px\" \/><div class='dt-sc-team-thumb-overlay'><ul class='dt-sc-team-social'><li><a class=\"fa fa-twitter\" href=\"#\" title=\"Twitter\"><\/a><\/li><li><a class=\"fa fa-facebook\" href=\"#\" title=\"Facebook\"><\/a><\/li><li><a class=\"fa fa-linkedin\" href=\"https:\/\/www.linkedin.com\/in\/rachma-salim\/\" title=\"Linkedin\"><\/a><\/li><\/ul><\/div><\/div><div class='dt-sc-team-details'><h4>Salim Rachma<\/h4><h5>Responsable de la communication<\/h5><p><p style=\"text-align: left;\">D\u00e9veloppeuse RPA, responsable de la communication de l&rsquo;association. Repr\u00e9sente l&rsquo;association lors des divers manifestations.<\/p><\/p><\/div><\/div><\/div><\/div><\/div><\/div><div class=\"wpb_column vc_column_container vc_col-sm-6\"><div class=\"vc_column-inner vc_custom_1488171593685\"><div class=\"wpb_wrapper\"><div class=\"ult-animation  ult-animate-viewport  ult-no-mobile\" data-animate=\"fadeIn\" data-animation-delay=\"1.1\" data-animation-duration=\"1\" data-animation-iteration=\"1\" style=\"opacity:0;\" data-opacity_start_effect=\"\"><div class='dt-sc-team type2 alter'><div class='dt-sc-team-thumb'><img loading=\"lazy\" decoding=\"async\" width=\"1980\" height=\"1485\" src=\"https:\/\/enfants-lumieres.com\/wp-content\/uploads\/2022\/10\/PHOTO-2022-10-11-09-59-19.jpg\" class=\"attachment-full\" alt=\"\" title=\"PHOTO-2022-10-11-09-59-19\" srcset=\"https:\/\/enfants-lumieres.com\/wp-content\/uploads\/2022\/10\/PHOTO-2022-10-11-09-59-19.jpg 1980w, https:\/\/enfants-lumieres.com\/wp-content\/uploads\/2022\/10\/PHOTO-2022-10-11-09-59-19-300x225.jpg 300w, https:\/\/enfants-lumieres.com\/wp-content\/uploads\/2022\/10\/PHOTO-2022-10-11-09-59-19-1024x768.jpg 1024w, https:\/\/enfants-lumieres.com\/wp-content\/uploads\/2022\/10\/PHOTO-2022-10-11-09-59-19-1536x1152.jpg 1536w, https:\/\/enfants-lumieres.com\/wp-content\/uploads\/2022\/10\/PHOTO-2022-10-11-09-59-19-16x12.jpg 16w, https:\/\/enfants-lumieres.com\/wp-content\/uploads\/2022\/10\/PHOTO-2022-10-11-09-59-19-500x375.jpg 500w\" sizes=\"auto, (max-width: 1980px) 100vw, 1980px\" \/><div class='dt-sc-team-thumb-overlay'><ul class='dt-sc-team-social'><li><a class=\"fa fa-twitter\" href=\"#\" title=\"Twitter\"><\/a><\/li><li><a class=\"fa fa-facebook\" href=\"#\" title=\"Facebook\"><\/a><\/li><li><a class=\"fa fa-google-plus\" href=\"#\" title=\"Google\"><\/a><\/li><li><a class=\"fa fa-linkedin\" href=\"#\" title=\"Linkedin\"><\/a><\/li><\/ul><\/div><\/div><div class='dt-sc-team-details'><h4>Hassani Fatima<\/h4><h5>Responsable du programme parrainage <\/h5><p><p style=\"text-align: left;\">Op\u00e9ratrice financi\u00e8re, responsable du programme parrainage. Repr\u00e9sente l&rsquo;association lors des divers manifestations.<\/p><\/p><\/div><\/div><\/div><\/div><\/div><\/div><\/div><\/div><\/div><\/div><\/div><div class=\"vc_row-full-width vc_clearfix\"><\/div><div data-vc-full-width=\"true\" data-vc-full-width-init=\"false\" data-vc-stretch-content=\"true\" class=\"vc_row wpb_row vc_row-fluid vcr_float_right wpb_animate_when_almost_visible wpb_fadeInLeft fadeInLeft vc_custom_1504093239809 vc_row-has-fill vc_row-no-padding vc_row-o-content-middle vc_row-flex\"><div class=\"rs_col-sm-12 wpb_column vc_column_container vc_col-sm-6\"><div class=\"vc_column-inner\"><div class=\"wpb_wrapper\"><div class=\"vc_row wpb_row vc_inner vc_row-fluid\"><div class=\"wpb_column vc_column_container vc_col-sm-4\"><div class=\"vc_column-inner\"><div class=\"wpb_wrapper\"><\/div><\/div><\/div><div class=\"rs_col-sm-12 wpb_column vc_column_container vc_col-sm-8 vc_col-lg-8 vc_col-md-12\"><div class=\"vc_column-inner vc_custom_1458050113452\"><div class=\"wpb_wrapper\"><div class=\"ult-animation  ult-animate-viewport  ult-no-mobile\" data-animate=\"fadeInRight\" data-animation-delay=\"1\" data-animation-duration=\"1\" data-animation-iteration=\"1\" style=\"opacity:0;\" data-opacity_start_effect=\"\"><h2 style=\"color: #673ab7;text-align: left\" class=\"vc_custom_heading\" >Pr\u00e9parer les adultes de demain<\/h2>\n\t<div  class=\"wpb_single_image wpb_content_element vc_align_left wpb_content_element\">\n\t\t\n\t\t<figure class=\"wpb_wrapper vc_figure\">\n\t\t\t<div class=\"vc_single_image-wrapper   vc_box_border_grey\"><img loading=\"lazy\" decoding=\"async\" width=\"86\" height=\"10\" src=\"https:\/\/enfants-lumieres.com\/wp-content\/uploads\/2016\/11\/title_bg.png\" class=\"vc_single_image-img attachment-full\" alt=\"img\" title=\"title_bg\" srcset=\"https:\/\/enfants-lumieres.com\/wp-content\/uploads\/2016\/11\/title_bg.png 86w, https:\/\/enfants-lumieres.com\/wp-content\/uploads\/2016\/11\/title_bg-18x2.png 18w\" sizes=\"auto, (max-width: 86px) 100vw, 86px\" \/><\/div>\n\t\t<\/figure>\n\t<\/div>\n<div class='dt-sc-clear'> <\/div>\r\n\t<div class=\"wpb_text_column wpb_content_element  vc_custom_1665319462141\"  >\r\n\t\t<div class=\"wpb_wrapper\">\r\n\t\t\t<p style=\"font-style: italic;\">Nous sommes tous convaincu qu\u2019un enfant n\u00e9 dans un pays pauvre n\u2019est pas vou\u00e9 \u00e0 passer toute sa vie dans la pauvret\u00e9. Afin de donner \u00e0 un maximum d\u2019enfants la possibilit\u00e9 de changer le cours des choses, nous avons pris l\u2019engagement d\u2019\u0153uvrer pour une \u00e9ducation de qualit\u00e9, bienveillant et qui respecte le d\u00e9veloppement psychologie des enfants. Car l\u2019\u00e9ducation est un moteur pour garantir le d\u00e9veloppement humain dans une soci\u00e9t\u00e9 et est un facteur essentiel qui encourage l\u2019enfant \u00e0 d\u00e9velopper sa confiance en soi et l\u2019aide \u00e0 devenir un adulte \u00e9panoui.<\/p>\n<div class='dt-sc-hr-invisible-small'> <\/div>\n\r\n\t\t<\/div>\r\n\t<\/div>\r\n<\/div><\/div><\/div><\/div><\/div><\/div><\/div><\/div><div class=\"rs_col-sm-12 wpb_column vc_column_container vc_col-sm-6\"><div class=\"vc_column-inner\"><div class=\"wpb_wrapper\"><div class=\"ult-animation  ult-animate-viewport  ult-no-mobile\" data-animate=\"fadeIn\" data-animation-delay=\"1.3\" data-animation-duration=\"1\" data-animation-iteration=\"1\" style=\"opacity:0;\" data-opacity_start_effect=\"\">\n\t<div  class=\"wpb_single_image wpb_content_element vc_align_left wpb_content_element\">\n\t\t\n\t\t<figure class=\"wpb_wrapper vc_figure\">\n\t\t\t<div class=\"vc_single_image-wrapper   vc_box_border_grey\"><img loading=\"lazy\" decoding=\"async\" width=\"1105\" height=\"599\" src=\"https:\/\/enfants-lumieres.com\/wp-content\/uploads\/2022\/10\/undraw_Children_re_c37f.png\" class=\"vc_single_image-img attachment-full\" alt=\"\" title=\"undraw_Children_re_c37f\" srcset=\"https:\/\/enfants-lumieres.com\/wp-content\/uploads\/2022\/10\/undraw_Children_re_c37f.png 1105w, https:\/\/enfants-lumieres.com\/wp-content\/uploads\/2022\/10\/undraw_Children_re_c37f-300x163.png 300w, https:\/\/enfants-lumieres.com\/wp-content\/uploads\/2022\/10\/undraw_Children_re_c37f-1024x555.png 1024w, https:\/\/enfants-lumieres.com\/wp-content\/uploads\/2022\/10\/undraw_Children_re_c37f-18x10.png 18w, https:\/\/enfants-lumieres.com\/wp-content\/uploads\/2022\/10\/undraw_Children_re_c37f-500x271.png 500w\" sizes=\"auto, (max-width: 1105px) 100vw, 1105px\" \/><\/div>\n\t\t<\/figure>\n\t<\/div>\n<\/div><\/div><\/div><\/div><\/div><div class=\"vc_row-full-width vc_clearfix\"><\/div>\n<\/div>","protected":false},"excerpt":{"rendered":"Conseil d'administration Saidou AnzilatiPr\u00e9sidenteEducatrice sp\u00e9cialis\u00e9e dans l'autisme, responsable du programme p\u00e9dagogique de l'\u00e9cole Maternelle Les Enfants lumi\u00e8res.Salim GalfaneTr\u00e9sorierConsultant principal dans l'\u00e9dition de logiciels, responsable du budget de l'association et des programmes d'affectations des fonds.Saidou AnliaSecr\u00e9taireAssistante administrative, veille au respect des clauses statutaires et assurer le suivi des d\u00e9cisions prise en assembl\u00e9e g\u00e9n\u00e9rale.Halifa YoumnaWebmasterIng\u00e9nieur d\u00e9veloppeuse qualit\u00e9 [...]","protected":false},"author":1,"featured_media":0,"parent":0,"menu_order":0,"comment_status":"closed","ping_status":"closed","template":"","meta":{"give_campaign_id":0,"footnotes":""},"class_list":["post-12896","page","type-page","status-publish","hentry"],"yoast_head":"<!-- This site is optimized with the Yoast SEO plugin v27.4 - https:\/\/yoast.com\/product\/yoast-seo-wordpress\/ -->\n<title>Les Membres - Les Enfants Lumi\u00e8res<\/title>\n<meta name=\"robots\" content=\"index, follow, max-snippet:-1, max-image-preview:large, max-video-preview:-1\" \/>\n<link rel=\"canonical\" href=\"https:\/\/enfants-lumieres.com\/en\/les-membres\/\" \/>\n<meta property=\"og:locale\" content=\"en_GB\" \/>\n<meta property=\"og:type\" content=\"article\" \/>\n<meta property=\"og:title\" content=\"Les Membres - Les Enfants Lumi\u00e8res\" \/>\n<meta property=\"og:url\" content=\"https:\/\/enfants-lumieres.com\/en\/les-membres\/\" \/>\n<meta property=\"og:site_name\" content=\"Les Enfants Lumi\u00e8res\" \/>\n<meta property=\"article:publisher\" content=\"https:\/\/www.facebook.com\/people\/Association-Les-Enfants-Lumires\/100085257520615\/\" \/>\n<meta property=\"article:modified_time\" content=\"2022-10-30T22:47:01+00:00\" \/>\n<meta name=\"twitter:card\" content=\"summary_large_image\" \/>\n<meta name=\"twitter:label1\" content=\"Estimated reading time\" \/>\n\t<meta name=\"twitter:data1\" content=\"4 minutes\" \/>\n<script type=\"application\/ld+json\" class=\"yoast-schema-graph\">{\"@context\":\"https:\\\/\\\/schema.org\",\"@graph\":[{\"@type\":\"WebPage\",\"@id\":\"https:\\\/\\\/enfants-lumieres.com\\\/les-membres\\\/\",\"url\":\"https:\\\/\\\/enfants-lumieres.com\\\/les-membres\\\/\",\"name\":\"Les Membres - Les Enfants Lumi\u00e8res\",\"isPartOf\":{\"@id\":\"https:\\\/\\\/enfants-lumieres.com\\\/#website\"},\"datePublished\":\"2022-08-27T15:45:42+00:00\",\"dateModified\":\"2022-10-30T22:47:01+00:00\",\"breadcrumb\":{\"@id\":\"https:\\\/\\\/enfants-lumieres.com\\\/les-membres\\\/#breadcrumb\"},\"inLanguage\":\"en-GB\",\"potentialAction\":[{\"@type\":\"ReadAction\",\"target\":[\"https:\\\/\\\/enfants-lumieres.com\\\/les-membres\\\/\"]}]},{\"@type\":\"BreadcrumbList\",\"@id\":\"https:\\\/\\\/enfants-lumieres.com\\\/les-membres\\\/#breadcrumb\",\"itemListElement\":[{\"@type\":\"ListItem\",\"position\":1,\"name\":\"Accueil\",\"item\":\"https:\\\/\\\/enfants-lumieres.com\\\/\"},{\"@type\":\"ListItem\",\"position\":2,\"name\":\"Les Membres\"}]},{\"@type\":\"WebSite\",\"@id\":\"https:\\\/\\\/enfants-lumieres.com\\\/#website\",\"url\":\"https:\\\/\\\/enfants-lumieres.com\\\/\",\"name\":\"Les Enfants Lumi\u00e8res\",\"description\":\"L&#039;\u00e9ducation pour tous aux Comores\",\"publisher\":{\"@id\":\"https:\\\/\\\/enfants-lumieres.com\\\/#organization\"},\"potentialAction\":[{\"@type\":\"SearchAction\",\"target\":{\"@type\":\"EntryPoint\",\"urlTemplate\":\"https:\\\/\\\/enfants-lumieres.com\\\/?s={search_term_string}\"},\"query-input\":{\"@type\":\"PropertyValueSpecification\",\"valueRequired\":true,\"valueName\":\"search_term_string\"}}],\"inLanguage\":\"en-GB\"},{\"@type\":\"Organization\",\"@id\":\"https:\\\/\\\/enfants-lumieres.com\\\/#organization\",\"name\":\"Les Enfants Lumi\u00e8res\",\"url\":\"https:\\\/\\\/enfants-lumieres.com\\\/\",\"logo\":{\"@type\":\"ImageObject\",\"inLanguage\":\"en-GB\",\"@id\":\"https:\\\/\\\/enfants-lumieres.com\\\/#\\\/schema\\\/logo\\\/image\\\/\",\"url\":\"https:\\\/\\\/enfants-lumieres.com\\\/wp-content\\\/uploads\\\/2024\\\/07\\\/PHOTO-2022-08-27-16-43-03.jpg\",\"contentUrl\":\"https:\\\/\\\/enfants-lumieres.com\\\/wp-content\\\/uploads\\\/2024\\\/07\\\/PHOTO-2022-08-27-16-43-03.jpg\",\"width\":500,\"height\":500,\"caption\":\"Les Enfants Lumi\u00e8res\"},\"image\":{\"@id\":\"https:\\\/\\\/enfants-lumieres.com\\\/#\\\/schema\\\/logo\\\/image\\\/\"},\"sameAs\":[\"https:\\\/\\\/www.facebook.com\\\/people\\\/Association-Les-Enfants-Lumires\\\/100085257520615\\\/\"]}]}<\/script>\n<!-- \/ Yoast SEO plugin. -->","yoast_head_json":{"title":"Les Membres - Les Enfants Lumi\u00e8res","robots":{"index":"index","follow":"follow","max-snippet":"max-snippet:-1","max-image-preview":"max-image-preview:large","max-video-preview":"max-video-preview:-1"},"canonical":"https:\/\/enfants-lumieres.com\/en\/les-membres\/","og_locale":"en_GB","og_type":"article","og_title":"Les Membres - Les Enfants Lumi\u00e8res","og_url":"https:\/\/enfants-lumieres.com\/en\/les-membres\/","og_site_name":"Les Enfants Lumi\u00e8res","article_publisher":"https:\/\/www.facebook.com\/people\/Association-Les-Enfants-Lumires\/100085257520615\/","article_modified_time":"2022-10-30T22:47:01+00:00","twitter_card":"summary_large_image","twitter_misc":{"Estimated reading time":"4 minutes"},"schema":{"@context":"https:\/\/schema.org","@graph":[{"@type":"WebPage","@id":"https:\/\/enfants-lumieres.com\/les-membres\/","url":"https:\/\/enfants-lumieres.com\/les-membres\/","name":"Les Membres - Les Enfants Lumi\u00e8res","isPartOf":{"@id":"https:\/\/enfants-lumieres.com\/#website"},"datePublished":"2022-08-27T15:45:42+00:00","dateModified":"2022-10-30T22:47:01+00:00","breadcrumb":{"@id":"https:\/\/enfants-lumieres.com\/les-membres\/#breadcrumb"},"inLanguage":"en-GB","potentialAction":[{"@type":"ReadAction","target":["https:\/\/enfants-lumieres.com\/les-membres\/"]}]},{"@type":"BreadcrumbList","@id":"https:\/\/enfants-lumieres.com\/les-membres\/#breadcrumb","itemListElement":[{"@type":"ListItem","position":1,"name":"Accueil","item":"https:\/\/enfants-lumieres.com\/"},{"@type":"ListItem","position":2,"name":"Les Membres"}]},{"@type":"WebSite","@id":"https:\/\/enfants-lumieres.com\/#website","url":"https:\/\/enfants-lumieres.com\/","name":"Les Enfants Lumi\u00e8res","description":"L&#039;\u00e9ducation pour tous aux Comores","publisher":{"@id":"https:\/\/enfants-lumieres.com\/#organization"},"potentialAction":[{"@type":"SearchAction","target":{"@type":"EntryPoint","urlTemplate":"https:\/\/enfants-lumieres.com\/?s={search_term_string}"},"query-input":{"@type":"PropertyValueSpecification","valueRequired":true,"valueName":"search_term_string"}}],"inLanguage":"en-GB"},{"@type":"Organization","@id":"https:\/\/enfants-lumieres.com\/#organization","name":"Les Enfants Lumi\u00e8res","url":"https:\/\/enfants-lumieres.com\/","logo":{"@type":"ImageObject","inLanguage":"en-GB","@id":"https:\/\/enfants-lumieres.com\/#\/schema\/logo\/image\/","url":"https:\/\/enfants-lumieres.com\/wp-content\/uploads\/2024\/07\/PHOTO-2022-08-27-16-43-03.jpg","contentUrl":"https:\/\/enfants-lumieres.com\/wp-content\/uploads\/2024\/07\/PHOTO-2022-08-27-16-43-03.jpg","width":500,"height":500,"caption":"Les Enfants Lumi\u00e8res"},"image":{"@id":"https:\/\/enfants-lumieres.com\/#\/schema\/logo\/image\/"},"sameAs":["https:\/\/www.facebook.com\/people\/Association-Les-Enfants-Lumires\/100085257520615\/"]}]}},"campaignId":"","_links":{"self":[{"href":"https:\/\/enfants-lumieres.com\/en\/wp-json\/wp\/v2\/pages\/12896","targetHints":{"allow":["GET"]}}],"collection":[{"href":"https:\/\/enfants-lumieres.com\/en\/wp-json\/wp\/v2\/pages"}],"about":[{"href":"https:\/\/enfants-lumieres.com\/en\/wp-json\/wp\/v2\/types\/page"}],"author":[{"embeddable":true,"href":"https:\/\/enfants-lumieres.com\/en\/wp-json\/wp\/v2\/users\/1"}],"replies":[{"embeddable":true,"href":"https:\/\/enfants-lumieres.com\/en\/wp-json\/wp\/v2\/comments?post=12896"}],"version-history":[{"count":41,"href":"https:\/\/enfants-lumieres.com\/en\/wp-json\/wp\/v2\/pages\/12896\/revisions"}],"predecessor-version":[{"id":13207,"href":"https:\/\/enfants-lumieres.com\/en\/wp-json\/wp\/v2\/pages\/12896\/revisions\/13207"}],"wp:attachment":[{"href":"https:\/\/enfants-lumieres.com\/en\/wp-json\/wp\/v2\/media?parent=12896"}],"curies":[{"name":"wp","href":"https:\/\/api.w.org\/{rel}","templated":true}]}}