{"id":12906,"date":"2022-08-27T19:54:45","date_gmt":"2022-08-27T17:54:45","guid":{"rendered":"https:\/\/maecha.comores-network.com\/?page_id=12906"},"modified":"2025-03-08T21:54:32","modified_gmt":"2025-03-08T20:54:32","slug":"nos-actions","status":"publish","type":"page","link":"https:\/\/enfants-lumieres.com\/en\/nos-actions\/","title":{"rendered":"Nos Projets"},"content":{"rendered":"<div class=\"wpb-content-wrapper\"><div class=\"vc_row wpb_row vc_row-fluid\"><div class=\"wpb_column vc_column_container vc_col-sm-12\"><div class=\"vc_column-inner\"><div class=\"wpb_wrapper\"><h2 style=\"color: #673ab7;text-align: left\" class=\"vc_custom_heading\" >Nos Projets En cours...<\/h2>\n\t<div  class=\"wpb_single_image wpb_content_element vc_align_left wpb_content_element\">\n\t\t\n\t\t<figure class=\"wpb_wrapper vc_figure\">\n\t\t\t<div class=\"vc_single_image-wrapper   vc_box_border_grey\"><img loading=\"lazy\" decoding=\"async\" width=\"86\" height=\"10\" src=\"https:\/\/enfants-lumieres.com\/wp-content\/uploads\/2016\/11\/title_bg.png\" class=\"vc_single_image-img attachment-full\" alt=\"img\" title=\"title_bg\" srcset=\"https:\/\/enfants-lumieres.com\/wp-content\/uploads\/2016\/11\/title_bg.png 86w, https:\/\/enfants-lumieres.com\/wp-content\/uploads\/2016\/11\/title_bg-18x2.png 18w\" sizes=\"auto, (max-width: 86px) 100vw, 86px\" \/><\/div>\n\t\t<\/figure>\n\t<\/div>\n<\/div><\/div><\/div><\/div><div class=\"vc_row wpb_row vc_row-fluid\"><div class=\"wpb_column vc_column_container vc_col-sm-8\"><div class=\"vc_column-inner\"><div class=\"wpb_wrapper\">\r\n\t<div class=\"wpb_text_column wpb_content_element\"  >\r\n\t\t<div class=\"wpb_wrapper\">\r\n\t\t\t<p data-start=\"0\" data-end=\"613\"><strong>Expansion et Innovation \u00e0 La Maison des Enfants Lumi\u00e8res<\/strong><\/p>\n<p data-start=\"0\" data-end=\"725\">La Maison des Enfants Lumi\u00e8res s&rsquo;appr\u00eate \u00e0 entamer un nouveau chapitre avec un projet d&rsquo;extension ambitieux destin\u00e9 \u00e0 enrichir l&rsquo;exp\u00e9rience \u00e9ducative de nos jeunes \u00e9l\u00e8ves. Nous planifions de construire quatre nouveaux espaces \u00e0 l&rsquo;\u00e9tage, ce qui nous permettra d&rsquo;ouvrir une classe suppl\u00e9mentaire. Cela va augmenter notre capacit\u00e9 d&rsquo;accueil, permettant \u00e0 davantage d&rsquo;enfants d&rsquo;\u00e2ge pr\u00e9scolaire de b\u00e9n\u00e9ficier de notre programme. Parall\u00e8lement, nous envisageons d&rsquo;inaugurer un espace cr\u00e8che sp\u00e9cialement con\u00e7u pour les tout-petits, offrant un environnement s\u00e9curis\u00e9 et stimulant qui favorise leur d\u00e9veloppement initial. Ce nouvel espace permettra aux enfants de b\u00e9n\u00e9ficier d&rsquo;un cadre d&rsquo;apprentissage adapt\u00e9 d\u00e8s leur plus jeune \u00e2ge.<\/p>\n<p data-start=\"727\" data-end=\"1408\">Cette initiative d&rsquo;agrandissement r\u00e9pond \u00e0 une demande croissante de la part de notre communaut\u00e9 et nous permet de continuer \u00e0 fournir une \u00e9ducation de qualit\u00e9, inspir\u00e9e par la p\u00e9dagogie Montessori et adapt\u00e9e au cadre unique des Comores. En participant \u00e0 ce projet, vous contribuez directement \u00e0 l&rsquo;\u00e9laboration de l&rsquo;avenir de nos enfants. Vous leur fournissez les outils et l&rsquo;environnement n\u00e9cessaires pour qu&rsquo;ils puissent explorer, apprendre et grandir dans des conditions optimales, enrichissant ainsi leur parcours \u00e9ducatif d\u00e8s le plus jeune \u00e2ge. Votre engagement dans ce projet marque une \u00e9tape cruciale dans notre mission d&rsquo;offrir un enseignement innovant et accessible \u00e0 tous.<\/p>\n<p data-start=\"1410\" data-end=\"2002\" data-is-last-node=\"\" data-is-only-node=\"\">Nous vous invitons \u00e0 soutenir cette phase essentielle de notre d\u00e9veloppement. Votre contribution financi\u00e8re aidera \u00e0 concr\u00e9tiser ces nouveaux am\u00e9nagements, qui deviendront des lieux de d\u00e9couvertes et d&rsquo;apprentissages pr\u00e9cieux pour les enfants. En faisant un don aujourd&rsquo;hui, vous prenez part activement \u00e0 cette belle \u00e9volution \u00e0 La Maison des Enfants Lumi\u00e8res. Rejoignez-nous pour aider \u00e0 construire un avenir prometteur pour les nouvelles g\u00e9n\u00e9rations. Ensemble, nous pouvons faire une diff\u00e9rence significative dans la vie de nombreux enfants, en leur offrant les bases pour un avenir r\u00e9ussi.<\/p>\n\r\n\t\t<\/div>\r\n\t<\/div>\r\n<\/div><\/div><\/div><div class=\"wpb_column vc_column_container vc_col-sm-4\"><div class=\"vc_column-inner\"><div class=\"wpb_wrapper\"><div class='dt-sc-image-caption type8'><div class='dt-sc-image-wrapper'><a target=\"_self\" href=\"#\"><img loading=\"lazy\" decoding=\"async\" width=\"775\" height=\"549\" src=\"https:\/\/enfants-lumieres.com\/wp-content\/uploads\/2025\/02\/50deedc8-9d29-4ae6-b9f4-53529973d21b.jpg\" class=\"attachment-full\" alt=\"\" title=\"50deedc8-9d29-4ae6-b9f4-53529973d21b\" srcset=\"https:\/\/enfants-lumieres.com\/wp-content\/uploads\/2025\/02\/50deedc8-9d29-4ae6-b9f4-53529973d21b.jpg 775w, https:\/\/enfants-lumieres.com\/wp-content\/uploads\/2025\/02\/50deedc8-9d29-4ae6-b9f4-53529973d21b-300x213.jpg 300w, https:\/\/enfants-lumieres.com\/wp-content\/uploads\/2025\/02\/50deedc8-9d29-4ae6-b9f4-53529973d21b-500x354.jpg 500w\" sizes=\"auto, (max-width: 775px) 100vw, 775px\" \/><\/a><\/div><div class='dt-sc-image-content'><div class='dt-sc-image-title'><h3><a href=\"#\" target=\"_self\">Projet d'expansion de l'\u00e9cole<\/a><\/h3><\/div><p>Le projet pr\u00e9voit l&rsquo;extension de l&rsquo;\u00e9cole avec l&rsquo;ajout d&rsquo;une nouvelle classe et l&rsquo;ouverture d&rsquo;un espace cr\u00e8che pour accueillir les plus petits.<\/p><\/div><\/div><div class=\"vc_separator wpb_content_element vc_separator_align_center vc_sep_width_100 vc_sep_pos_align_center vc_separator_no_text vc_sep_color_grey wpb_content_element  wpb_content_element\" ><span class=\"vc_sep_holder vc_sep_holder_l\"><span class=\"vc_sep_line\"><\/span><\/span><span class=\"vc_sep_holder vc_sep_holder_r\"><span class=\"vc_sep_line\"><\/span><\/span>\n<\/div><style>.vc_btn3-style-gradient.vc_btn-gradient-btn-69e3a0522e3e7:hover{color: #fff;background-color: #6dab3c;border: none;background-position: 100% 0;}<\/style><style>.vc_btn3-style-gradient.vc_btn-gradient-btn-69e3a0522e3e7{color: #fff;border: none;background-color: #00c1cf;background-image: -webkit-linear-gradient(left, #00c1cf 0%, #6dab3c 50%,#00c1cf 100%);background-image: linear-gradient(to right, #00c1cf 0%, #6dab3c 50%,#00c1cf 100%);-webkit-transition: all .2s ease-in-out;transition: all .2s ease-in-out;background-size: 200% 100%;}<\/style><div class=\"vc_btn3-container  wpb_animate_when_almost_visible wpb_appear appear vc_btn3-inline vc_do_btn\" ><a data-vc-gradient-1=\"#00c1cf\" data-vc-gradient-2=\"#6dab3c\" class=\"vc_general vc_btn3 vc_btn3-size-lg vc_btn3-shape-rounded vc_btn3-style-gradient vc_btn3-icon-left vc_btn-gradient-btn-69e3a0522e3e7\" href=\"https:\/\/enfants-lumieres.com\/en\/donations\/extension-de-lecole\/\" title=\"Extension de l\u2019\u00e9cole\"><i class=\"vc_btn3-icon fas fa-hand-holding-usd\"><\/i> Contribuer au projet<\/a><\/div><\/div><\/div><\/div><\/div><div class=\"vc_row wpb_row vc_row-fluid\"><div class=\"wpb_column vc_column_container vc_col-sm-12\"><div class=\"vc_column-inner\"><div class=\"wpb_wrapper\"><h2 style=\"color: #673ab7;text-align: left\" class=\"vc_custom_heading\" >Nos Projets Termin\u00e9es...<\/h2>\n\t<div  class=\"wpb_single_image wpb_content_element vc_align_left wpb_content_element\">\n\t\t\n\t\t<figure class=\"wpb_wrapper vc_figure\">\n\t\t\t<div class=\"vc_single_image-wrapper   vc_box_border_grey\"><img loading=\"lazy\" decoding=\"async\" width=\"86\" height=\"10\" src=\"https:\/\/enfants-lumieres.com\/wp-content\/uploads\/2016\/11\/title_bg.png\" class=\"vc_single_image-img attachment-full\" alt=\"img\" title=\"title_bg\" srcset=\"https:\/\/enfants-lumieres.com\/wp-content\/uploads\/2016\/11\/title_bg.png 86w, https:\/\/enfants-lumieres.com\/wp-content\/uploads\/2016\/11\/title_bg-18x2.png 18w\" sizes=\"auto, (max-width: 86px) 100vw, 86px\" \/><\/div>\n\t\t<\/figure>\n\t<\/div>\n\r\n\t<div class=\"wpb_text_column wpb_content_element\"  >\r\n\t\t<div class=\"wpb_wrapper\">\r\n\t\t\t<p data-start=\"68\" data-end=\"140\"><strong data-start=\"68\" data-end=\"140\">De Maison \u00e0 \u00c9cole Maternelle &#8211; Un Projet Transformateur<\/strong><\/p>\n<p data-start=\"167\" data-end=\"504\">La Maison des Enfants Lumi\u00e8res, le fruit de notre premier projet majeur : la transformation d&rsquo;une ancienne maison en une \u00e9cole maternelle. Cette initiative a marqu\u00e9 le d\u00e9but de notre engagement \u00e0 r\u00e9volutionner l&rsquo;\u00e9ducation dans les \u00eeles Comores, en adaptant et en appliquant la p\u00e9dagogie Montessori au contexte local.<\/p>\n<p data-start=\"506\" data-end=\"912\">La r\u00e9novation de cette structure n&rsquo;\u00e9tait pas juste une question de construction ; c&rsquo;\u00e9tait un acte de foi en l&rsquo;avenir des enfants de notre communaut\u00e9. Aujourd&rsquo;hui, La Maison des Enfants Lumi\u00e8res est un espace d&rsquo;apprentissage dynamique o\u00f9 les jeunes \u00e9l\u00e8ves explorent, apprennent et grandissent selon les principes Montessori, encourag\u00e9s par un environnement qui respecte et cultive leur potentiel individuel.<\/p>\n<p data-start=\"914\" data-end=\"1203\">Nous sommes fiers de vous pr\u00e9senter ce projet transformateur, qui a non seulement r\u00e9habilit\u00e9 un b\u00e2timent mais aussi r\u00e9imagin\u00e9 l&rsquo;approche \u00e9ducative pour nos enfants. Rejoignez-nous pour c\u00e9l\u00e9brer et continuer \u00e0 soutenir cette vision, permettant \u00e0 chaque enfant de fa\u00e7onner son propre avenir.<\/p>\n\r\n\t\t<\/div>\r\n\t<\/div>\r\n<div class=\"vc_row wpb_row vc_inner vc_row-fluid\"><div class=\"wpb_column vc_column_container vc_col-sm-6\"><div class=\"vc_column-inner\"><div class=\"wpb_wrapper\">\n<div class=\"vc_grid-container-wrapper vc_clearfix vc_grid-animation-none\">\n\t<div class=\"vc_grid-container vc_clearfix wpb_content_element vc_media_grid\" data-initial-loading-animation=\"none\" data-vc-grid-settings=\"{&quot;page_id&quot;:12906,&quot;style&quot;:&quot;all&quot;,&quot;action&quot;:&quot;vc_get_vc_grid_data&quot;,&quot;shortcode_id&quot;:&quot;1741466932080-2461da4f-46d1-1&quot;,&quot;tag&quot;:&quot;vc_media_grid&quot;}\" data-vc-request=\"https:\/\/enfants-lumieres.com\/wp-admin\/admin-ajax.php\" data-vc-post-id=\"12906\" data-vc-public-nonce=\"bb81c967d1\">\n\t\t\n\t<\/div>\n<\/div><\/div><\/div><\/div><div class=\"wpb_column vc_column_container vc_col-sm-6\"><div class=\"vc_column-inner\"><div class=\"wpb_wrapper\">\n<div class=\"vc_grid-container-wrapper vc_clearfix vc_grid-animation-none\">\n\t<div class=\"vc_grid-container vc_clearfix wpb_content_element vc_media_grid\" data-initial-loading-animation=\"none\" data-vc-grid-settings=\"{&quot;page_id&quot;:12906,&quot;style&quot;:&quot;all&quot;,&quot;action&quot;:&quot;vc_get_vc_grid_data&quot;,&quot;shortcode_id&quot;:&quot;1741466932080-4f37aa85-03f3-8&quot;,&quot;tag&quot;:&quot;vc_media_grid&quot;}\" data-vc-request=\"https:\/\/enfants-lumieres.com\/wp-admin\/admin-ajax.php\" data-vc-post-id=\"12906\" data-vc-public-nonce=\"bb81c967d1\">\n\t\t\n\t<\/div>\n<\/div><\/div><\/div><\/div><\/div><\/div><\/div><\/div><\/div>\n<\/div>","protected":false},"excerpt":{"rendered":"Nos Projets En cours... Expansion et Innovation \u00e0 La Maison des Enfants Lumi\u00e8res La Maison des Enfants Lumi\u00e8res s'appr\u00eate \u00e0 entamer un nouveau chapitre avec un projet d'extension ambitieux destin\u00e9 \u00e0 enrichir l'exp\u00e9rience \u00e9ducative de nos jeunes \u00e9l\u00e8ves. Nous planifions de construire quatre nouveaux espaces \u00e0 l'\u00e9tage, ce qui nous permettra d'ouvrir une classe suppl\u00e9mentaire. [...]","protected":false},"author":1,"featured_media":0,"parent":0,"menu_order":0,"comment_status":"closed","ping_status":"closed","template":"","meta":{"give_campaign_id":0,"footnotes":""},"class_list":["post-12906","page","type-page","status-publish","hentry"],"yoast_head":"<!-- This site is optimized with the Yoast SEO plugin v27.4 - https:\/\/yoast.com\/product\/yoast-seo-wordpress\/ -->\n<title>Nos Projets - Les Enfants Lumi\u00e8res<\/title>\n<meta name=\"robots\" content=\"index, follow, max-snippet:-1, max-image-preview:large, max-video-preview:-1\" \/>\n<link rel=\"canonical\" href=\"https:\/\/enfants-lumieres.com\/en\/nos-actions\/\" \/>\n<meta property=\"og:locale\" content=\"en_GB\" \/>\n<meta property=\"og:type\" content=\"article\" \/>\n<meta property=\"og:title\" content=\"Nos Projets - Les Enfants Lumi\u00e8res\" \/>\n<meta property=\"og:url\" content=\"https:\/\/enfants-lumieres.com\/en\/nos-actions\/\" \/>\n<meta property=\"og:site_name\" content=\"Les Enfants Lumi\u00e8res\" \/>\n<meta property=\"article:publisher\" content=\"https:\/\/www.facebook.com\/people\/Association-Les-Enfants-Lumires\/100085257520615\/\" \/>\n<meta property=\"article:modified_time\" content=\"2025-03-08T20:54:32+00:00\" \/>\n<meta name=\"twitter:card\" content=\"summary_large_image\" \/>\n<meta name=\"twitter:label1\" content=\"Estimated reading time\" \/>\n\t<meta name=\"twitter:data1\" content=\"4 minutes\" \/>\n<script type=\"application\/ld+json\" class=\"yoast-schema-graph\">{\"@context\":\"https:\\\/\\\/schema.org\",\"@graph\":[{\"@type\":\"WebPage\",\"@id\":\"https:\\\/\\\/enfants-lumieres.com\\\/nos-actions\\\/\",\"url\":\"https:\\\/\\\/enfants-lumieres.com\\\/nos-actions\\\/\",\"name\":\"Nos Projets - Les Enfants Lumi\u00e8res\",\"isPartOf\":{\"@id\":\"https:\\\/\\\/enfants-lumieres.com\\\/#website\"},\"datePublished\":\"2022-08-27T17:54:45+00:00\",\"dateModified\":\"2025-03-08T20:54:32+00:00\",\"breadcrumb\":{\"@id\":\"https:\\\/\\\/enfants-lumieres.com\\\/nos-actions\\\/#breadcrumb\"},\"inLanguage\":\"en-GB\",\"potentialAction\":[{\"@type\":\"ReadAction\",\"target\":[\"https:\\\/\\\/enfants-lumieres.com\\\/nos-actions\\\/\"]}]},{\"@type\":\"BreadcrumbList\",\"@id\":\"https:\\\/\\\/enfants-lumieres.com\\\/nos-actions\\\/#breadcrumb\",\"itemListElement\":[{\"@type\":\"ListItem\",\"position\":1,\"name\":\"Accueil\",\"item\":\"https:\\\/\\\/enfants-lumieres.com\\\/\"},{\"@type\":\"ListItem\",\"position\":2,\"name\":\"Nos Projets\"}]},{\"@type\":\"WebSite\",\"@id\":\"https:\\\/\\\/enfants-lumieres.com\\\/#website\",\"url\":\"https:\\\/\\\/enfants-lumieres.com\\\/\",\"name\":\"Les Enfants Lumi\u00e8res\",\"description\":\"L&#039;\u00e9ducation pour tous aux Comores\",\"publisher\":{\"@id\":\"https:\\\/\\\/enfants-lumieres.com\\\/#organization\"},\"potentialAction\":[{\"@type\":\"SearchAction\",\"target\":{\"@type\":\"EntryPoint\",\"urlTemplate\":\"https:\\\/\\\/enfants-lumieres.com\\\/?s={search_term_string}\"},\"query-input\":{\"@type\":\"PropertyValueSpecification\",\"valueRequired\":true,\"valueName\":\"search_term_string\"}}],\"inLanguage\":\"en-GB\"},{\"@type\":\"Organization\",\"@id\":\"https:\\\/\\\/enfants-lumieres.com\\\/#organization\",\"name\":\"Les Enfants Lumi\u00e8res\",\"url\":\"https:\\\/\\\/enfants-lumieres.com\\\/\",\"logo\":{\"@type\":\"ImageObject\",\"inLanguage\":\"en-GB\",\"@id\":\"https:\\\/\\\/enfants-lumieres.com\\\/#\\\/schema\\\/logo\\\/image\\\/\",\"url\":\"https:\\\/\\\/enfants-lumieres.com\\\/wp-content\\\/uploads\\\/2024\\\/07\\\/PHOTO-2022-08-27-16-43-03.jpg\",\"contentUrl\":\"https:\\\/\\\/enfants-lumieres.com\\\/wp-content\\\/uploads\\\/2024\\\/07\\\/PHOTO-2022-08-27-16-43-03.jpg\",\"width\":500,\"height\":500,\"caption\":\"Les Enfants Lumi\u00e8res\"},\"image\":{\"@id\":\"https:\\\/\\\/enfants-lumieres.com\\\/#\\\/schema\\\/logo\\\/image\\\/\"},\"sameAs\":[\"https:\\\/\\\/www.facebook.com\\\/people\\\/Association-Les-Enfants-Lumires\\\/100085257520615\\\/\"]}]}<\/script>\n<!-- \/ Yoast SEO plugin. -->","yoast_head_json":{"title":"Nos Projets - Les Enfants Lumi\u00e8res","robots":{"index":"index","follow":"follow","max-snippet":"max-snippet:-1","max-image-preview":"max-image-preview:large","max-video-preview":"max-video-preview:-1"},"canonical":"https:\/\/enfants-lumieres.com\/en\/nos-actions\/","og_locale":"en_GB","og_type":"article","og_title":"Nos Projets - Les Enfants Lumi\u00e8res","og_url":"https:\/\/enfants-lumieres.com\/en\/nos-actions\/","og_site_name":"Les Enfants Lumi\u00e8res","article_publisher":"https:\/\/www.facebook.com\/people\/Association-Les-Enfants-Lumires\/100085257520615\/","article_modified_time":"2025-03-08T20:54:32+00:00","twitter_card":"summary_large_image","twitter_misc":{"Estimated reading time":"4 minutes"},"schema":{"@context":"https:\/\/schema.org","@graph":[{"@type":"WebPage","@id":"https:\/\/enfants-lumieres.com\/nos-actions\/","url":"https:\/\/enfants-lumieres.com\/nos-actions\/","name":"Nos Projets - Les Enfants Lumi\u00e8res","isPartOf":{"@id":"https:\/\/enfants-lumieres.com\/#website"},"datePublished":"2022-08-27T17:54:45+00:00","dateModified":"2025-03-08T20:54:32+00:00","breadcrumb":{"@id":"https:\/\/enfants-lumieres.com\/nos-actions\/#breadcrumb"},"inLanguage":"en-GB","potentialAction":[{"@type":"ReadAction","target":["https:\/\/enfants-lumieres.com\/nos-actions\/"]}]},{"@type":"BreadcrumbList","@id":"https:\/\/enfants-lumieres.com\/nos-actions\/#breadcrumb","itemListElement":[{"@type":"ListItem","position":1,"name":"Accueil","item":"https:\/\/enfants-lumieres.com\/"},{"@type":"ListItem","position":2,"name":"Nos Projets"}]},{"@type":"WebSite","@id":"https:\/\/enfants-lumieres.com\/#website","url":"https:\/\/enfants-lumieres.com\/","name":"Les Enfants Lumi\u00e8res","description":"L&#039;\u00e9ducation pour tous aux Comores","publisher":{"@id":"https:\/\/enfants-lumieres.com\/#organization"},"potentialAction":[{"@type":"SearchAction","target":{"@type":"EntryPoint","urlTemplate":"https:\/\/enfants-lumieres.com\/?s={search_term_string}"},"query-input":{"@type":"PropertyValueSpecification","valueRequired":true,"valueName":"search_term_string"}}],"inLanguage":"en-GB"},{"@type":"Organization","@id":"https:\/\/enfants-lumieres.com\/#organization","name":"Les Enfants Lumi\u00e8res","url":"https:\/\/enfants-lumieres.com\/","logo":{"@type":"ImageObject","inLanguage":"en-GB","@id":"https:\/\/enfants-lumieres.com\/#\/schema\/logo\/image\/","url":"https:\/\/enfants-lumieres.com\/wp-content\/uploads\/2024\/07\/PHOTO-2022-08-27-16-43-03.jpg","contentUrl":"https:\/\/enfants-lumieres.com\/wp-content\/uploads\/2024\/07\/PHOTO-2022-08-27-16-43-03.jpg","width":500,"height":500,"caption":"Les Enfants Lumi\u00e8res"},"image":{"@id":"https:\/\/enfants-lumieres.com\/#\/schema\/logo\/image\/"},"sameAs":["https:\/\/www.facebook.com\/people\/Association-Les-Enfants-Lumires\/100085257520615\/"]}]}},"campaignId":"","_links":{"self":[{"href":"https:\/\/enfants-lumieres.com\/en\/wp-json\/wp\/v2\/pages\/12906","targetHints":{"allow":["GET"]}}],"collection":[{"href":"https:\/\/enfants-lumieres.com\/en\/wp-json\/wp\/v2\/pages"}],"about":[{"href":"https:\/\/enfants-lumieres.com\/en\/wp-json\/wp\/v2\/types\/page"}],"author":[{"embeddable":true,"href":"https:\/\/enfants-lumieres.com\/en\/wp-json\/wp\/v2\/users\/1"}],"replies":[{"embeddable":true,"href":"https:\/\/enfants-lumieres.com\/en\/wp-json\/wp\/v2\/comments?post=12906"}],"version-history":[{"count":71,"href":"https:\/\/enfants-lumieres.com\/en\/wp-json\/wp\/v2\/pages\/12906\/revisions"}],"predecessor-version":[{"id":13745,"href":"https:\/\/enfants-lumieres.com\/en\/wp-json\/wp\/v2\/pages\/12906\/revisions\/13745"}],"wp:attachment":[{"href":"https:\/\/enfants-lumieres.com\/en\/wp-json\/wp\/v2\/media?parent=12906"}],"curies":[{"name":"wp","href":"https:\/\/api.w.org\/{rel}","templated":true}]}}