{"id":12922,"date":"2022-08-27T21:22:01","date_gmt":"2022-08-27T19:22:01","guid":{"rendered":"https:\/\/enfants-lumieres.com\/?page_id=12922"},"modified":"2025-03-17T11:13:53","modified_gmt":"2025-03-17T10:13:53","slug":"nous-contacter","status":"publish","type":"page","link":"https:\/\/enfants-lumieres.com\/en\/nous-contacter\/","title":{"rendered":"Nous Contacter"},"content":{"rendered":"<div class=\"wpb-content-wrapper\"><div class=\"vc_row wpb_row vc_row-fluid\"><div class=\"wpb_column vc_column_container vc_col-sm-12\"><div class=\"vc_column-inner\"><div class=\"wpb_wrapper\"><div id=\"ultimate-heading-880569e18a9b00800\" class=\"uvc-heading ult-adjust-bottom-margin ultimate-heading-880569e18a9b00800 uvc-8159\" data-hspacer=\"no_spacer\"  data-halign=\"left\" style=\"text-align:left\"><div class=\"uvc-heading-spacer no_spacer\" style=\"top\"><\/div><div class=\"uvc-main-heading ult-responsive\"  data-ultimate-target='.uvc-heading.ultimate-heading-880569e18a9b00800 h2'  data-responsive-json-new='{\"font-size\":\"\",\"line-height\":\"\"}' ><h2 style=\"font-weight:normal;\">Nous contacter<\/h2><\/div><div class=\"uvc-sub-heading ult-responsive\"  data-ultimate-target='.uvc-heading.ultimate-heading-880569e18a9b00800 .uvc-sub-heading '  data-responsive-json-new='{\"font-size\":\"\",\"line-height\":\"\"}'  style=\"font-weight:normal;\">Pour nous contacter ou obtenir plus d&rsquo;informations, veuillez remplir le formulaire ci-dessous. Cela nous permettra de recevoir votre message et de vous r\u00e9pondre dans les plus brefs d\u00e9lais. Nous sommes \u00e0 votre \u00e9coute pour toute question ou demande que vous pourriez avoir.<\/div><\/div><\/div><\/div><\/div><\/div><div data-vc-full-width=\"true\" data-vc-full-width-init=\"false\" class=\"vc_row wpb_row vc_row-fluid dt-sc-dark-bg wpb_animate_when_almost_visible wpb_fadeInUp fadeInUp vc_custom_1504167514958 vc_row-has-fill\"><div class=\"wpb_column vc_column_container vc_col-sm-12\"><div class=\"vc_column-inner vc_custom_1661628999803\"><div class=\"wpb_wrapper\">\n<div class=\"wpcf7 no-js\" id=\"wpcf7-f7868-o1\" lang=\"en-US\" dir=\"ltr\" data-wpcf7-id=\"7868\">\n<div class=\"screen-reader-response\"><p role=\"status\" aria-live=\"polite\" aria-atomic=\"true\"><\/p> <ul><\/ul><\/div>\n<form action=\"\/en\/wp-json\/wp\/v2\/pages\/12922#wpcf7-f7868-o1\" method=\"post\" class=\"wpcf7-form init university-contact-form\" aria-label=\"Contact form\" novalidate=\"novalidate\" data-status=\"init\" data-trp-original-action=\"\/en\/wp-json\/wp\/v2\/pages\/12922#wpcf7-f7868-o1\">\n<fieldset class=\"hidden-fields-container\"><input type=\"hidden\" name=\"_wpcf7\" value=\"7868\" \/><input type=\"hidden\" name=\"_wpcf7_version\" value=\"6.1.5\" \/><input type=\"hidden\" name=\"_wpcf7_locale\" value=\"en_US\" \/><input type=\"hidden\" name=\"_wpcf7_unit_tag\" value=\"wpcf7-f7868-o1\" \/><input type=\"hidden\" name=\"_wpcf7_container_post\" value=\"0\" \/><input type=\"hidden\" name=\"_wpcf7_posted_data_hash\" value=\"\" \/>\n<\/fieldset>\n<div class=\"wpb_column vc_column_container vc_col-sm-6\"><div class=\"vc_column-inner\"><div class=\"wpb_wrapper\">\n<\/p>\n<div class=\"form-field\">\n\t<p><i class=\"pe-icon pe-user\"> <\/i><span class=\"wpcf7-form-control-wrap\" data-name=\"text-745\"><input size=\"40\" maxlength=\"400\" class=\"wpcf7-form-control wpcf7-text wpcf7-validates-as-required\" aria-required=\"true\" aria-invalid=\"false\" placeholder=\"Nom\" value=\"\" type=\"text\" name=\"text-745\" \/><\/span>\n\t<\/p>\n<\/div>\n<div class=\"form-field\">\n\t<p><i class=\"pe-icon pe-mail\"> <\/i><span class=\"wpcf7-form-control-wrap\" data-name=\"email-364\"><input size=\"40\" maxlength=\"400\" class=\"wpcf7-form-control wpcf7-email wpcf7-validates-as-required wpcf7-text wpcf7-validates-as-email\" aria-required=\"true\" aria-invalid=\"false\" placeholder=\"Email\" value=\"\" type=\"email\" name=\"email-364\" \/><\/span>\n\t<\/p>\n<\/div>\n<p><\/div><\/div><\/div>\n<div class=\"wpb_column vc_column_container vc_col-sm-6\"><div class=\"vc_column-inner\"><div class=\"wpb_wrapper\"><span class=\"wpcf7-form-control-wrap\" data-name=\"textarea-214\"><textarea cols=\"40\" rows=\"10\" maxlength=\"2000\" class=\"wpcf7-form-control wpcf7-textarea\" aria-invalid=\"false\" placeholder=\"Message\" name=\"textarea-214\"><\/textarea><\/span>\n<\/p>\n<div class=\"button-field\">\n\t<p><i class=\"fa fa-paper-plane\"> <\/i><input class=\"wpcf7-form-control wpcf7-submit has-spinner\" type=\"submit\" value=\"Envoyer\" \/>\n\t<\/p>\n<\/div>\n<p><\/div><\/div><\/div><div class=\"wpcf7-response-output\" aria-hidden=\"true\"><\/div>\n<input type=\"hidden\" name=\"trp-form-language\" value=\"en\"\/><\/form>\n<\/div>\n<\/div><\/div><\/div><\/div><div class=\"vc_row-full-width vc_clearfix\"><\/div>\n<\/div>","protected":false},"excerpt":{"rendered":"Nous contacterPour nous contacter ou obtenir plus d'informations, veuillez remplir le formulaire ci-dessous. Cela nous permettra de recevoir votre message et de vous r\u00e9pondre dans les plus brefs d\u00e9lais. Nous sommes \u00e0 votre \u00e9coute pour toute question ou demande que vous pourriez avoir.","protected":false},"author":1,"featured_media":0,"parent":0,"menu_order":0,"comment_status":"closed","ping_status":"closed","template":"","meta":{"give_campaign_id":0,"footnotes":""},"class_list":["post-12922","page","type-page","status-publish","hentry"],"yoast_head":"<!-- This site is optimized with the Yoast SEO plugin v27.4 - https:\/\/yoast.com\/product\/yoast-seo-wordpress\/ -->\n<title>Nous Contacter - Les Enfants Lumi\u00e8res<\/title>\n<meta name=\"robots\" content=\"index, follow, max-snippet:-1, max-image-preview:large, max-video-preview:-1\" \/>\n<link rel=\"canonical\" href=\"https:\/\/enfants-lumieres.com\/en\/nous-contacter\/\" \/>\n<meta property=\"og:locale\" content=\"en_GB\" \/>\n<meta property=\"og:type\" content=\"article\" \/>\n<meta property=\"og:title\" content=\"Nous Contacter - Les Enfants Lumi\u00e8res\" \/>\n<meta property=\"og:url\" content=\"https:\/\/enfants-lumieres.com\/en\/nous-contacter\/\" \/>\n<meta property=\"og:site_name\" content=\"Les Enfants Lumi\u00e8res\" \/>\n<meta property=\"article:publisher\" content=\"https:\/\/www.facebook.com\/people\/Association-Les-Enfants-Lumires\/100085257520615\/\" \/>\n<meta property=\"article:modified_time\" content=\"2025-03-17T10:13:53+00:00\" \/>\n<meta name=\"twitter:card\" content=\"summary_large_image\" \/>\n<meta name=\"twitter:label1\" content=\"Estimated reading time\" \/>\n\t<meta name=\"twitter:data1\" content=\"1 minute\" \/>\n<script type=\"application\/ld+json\" class=\"yoast-schema-graph\">{\"@context\":\"https:\\\/\\\/schema.org\",\"@graph\":[{\"@type\":\"WebPage\",\"@id\":\"https:\\\/\\\/enfants-lumieres.com\\\/nous-contacter\\\/\",\"url\":\"https:\\\/\\\/enfants-lumieres.com\\\/nous-contacter\\\/\",\"name\":\"Nous Contacter - Les Enfants Lumi\u00e8res\",\"isPartOf\":{\"@id\":\"https:\\\/\\\/enfants-lumieres.com\\\/#website\"},\"datePublished\":\"2022-08-27T19:22:01+00:00\",\"dateModified\":\"2025-03-17T10:13:53+00:00\",\"breadcrumb\":{\"@id\":\"https:\\\/\\\/enfants-lumieres.com\\\/nous-contacter\\\/#breadcrumb\"},\"inLanguage\":\"en-GB\",\"potentialAction\":[{\"@type\":\"ReadAction\",\"target\":[\"https:\\\/\\\/enfants-lumieres.com\\\/nous-contacter\\\/\"]}]},{\"@type\":\"BreadcrumbList\",\"@id\":\"https:\\\/\\\/enfants-lumieres.com\\\/nous-contacter\\\/#breadcrumb\",\"itemListElement\":[{\"@type\":\"ListItem\",\"position\":1,\"name\":\"Accueil\",\"item\":\"https:\\\/\\\/enfants-lumieres.com\\\/\"},{\"@type\":\"ListItem\",\"position\":2,\"name\":\"Nous Contacter\"}]},{\"@type\":\"WebSite\",\"@id\":\"https:\\\/\\\/enfants-lumieres.com\\\/#website\",\"url\":\"https:\\\/\\\/enfants-lumieres.com\\\/\",\"name\":\"Les Enfants Lumi\u00e8res\",\"description\":\"L&#039;\u00e9ducation pour tous aux Comores\",\"publisher\":{\"@id\":\"https:\\\/\\\/enfants-lumieres.com\\\/#organization\"},\"potentialAction\":[{\"@type\":\"SearchAction\",\"target\":{\"@type\":\"EntryPoint\",\"urlTemplate\":\"https:\\\/\\\/enfants-lumieres.com\\\/?s={search_term_string}\"},\"query-input\":{\"@type\":\"PropertyValueSpecification\",\"valueRequired\":true,\"valueName\":\"search_term_string\"}}],\"inLanguage\":\"en-GB\"},{\"@type\":\"Organization\",\"@id\":\"https:\\\/\\\/enfants-lumieres.com\\\/#organization\",\"name\":\"Les Enfants Lumi\u00e8res\",\"url\":\"https:\\\/\\\/enfants-lumieres.com\\\/\",\"logo\":{\"@type\":\"ImageObject\",\"inLanguage\":\"en-GB\",\"@id\":\"https:\\\/\\\/enfants-lumieres.com\\\/#\\\/schema\\\/logo\\\/image\\\/\",\"url\":\"https:\\\/\\\/enfants-lumieres.com\\\/wp-content\\\/uploads\\\/2024\\\/07\\\/PHOTO-2022-08-27-16-43-03.jpg\",\"contentUrl\":\"https:\\\/\\\/enfants-lumieres.com\\\/wp-content\\\/uploads\\\/2024\\\/07\\\/PHOTO-2022-08-27-16-43-03.jpg\",\"width\":500,\"height\":500,\"caption\":\"Les Enfants Lumi\u00e8res\"},\"image\":{\"@id\":\"https:\\\/\\\/enfants-lumieres.com\\\/#\\\/schema\\\/logo\\\/image\\\/\"},\"sameAs\":[\"https:\\\/\\\/www.facebook.com\\\/people\\\/Association-Les-Enfants-Lumires\\\/100085257520615\\\/\"]}]}<\/script>\n<!-- \/ Yoast SEO plugin. -->","yoast_head_json":{"title":"Nous Contacter - Les Enfants Lumi\u00e8res","robots":{"index":"index","follow":"follow","max-snippet":"max-snippet:-1","max-image-preview":"max-image-preview:large","max-video-preview":"max-video-preview:-1"},"canonical":"https:\/\/enfants-lumieres.com\/en\/nous-contacter\/","og_locale":"en_GB","og_type":"article","og_title":"Nous Contacter - Les Enfants Lumi\u00e8res","og_url":"https:\/\/enfants-lumieres.com\/en\/nous-contacter\/","og_site_name":"Les Enfants Lumi\u00e8res","article_publisher":"https:\/\/www.facebook.com\/people\/Association-Les-Enfants-Lumires\/100085257520615\/","article_modified_time":"2025-03-17T10:13:53+00:00","twitter_card":"summary_large_image","twitter_misc":{"Estimated reading time":"1 minute"},"schema":{"@context":"https:\/\/schema.org","@graph":[{"@type":"WebPage","@id":"https:\/\/enfants-lumieres.com\/nous-contacter\/","url":"https:\/\/enfants-lumieres.com\/nous-contacter\/","name":"Nous Contacter - Les Enfants Lumi\u00e8res","isPartOf":{"@id":"https:\/\/enfants-lumieres.com\/#website"},"datePublished":"2022-08-27T19:22:01+00:00","dateModified":"2025-03-17T10:13:53+00:00","breadcrumb":{"@id":"https:\/\/enfants-lumieres.com\/nous-contacter\/#breadcrumb"},"inLanguage":"en-GB","potentialAction":[{"@type":"ReadAction","target":["https:\/\/enfants-lumieres.com\/nous-contacter\/"]}]},{"@type":"BreadcrumbList","@id":"https:\/\/enfants-lumieres.com\/nous-contacter\/#breadcrumb","itemListElement":[{"@type":"ListItem","position":1,"name":"Accueil","item":"https:\/\/enfants-lumieres.com\/"},{"@type":"ListItem","position":2,"name":"Nous Contacter"}]},{"@type":"WebSite","@id":"https:\/\/enfants-lumieres.com\/#website","url":"https:\/\/enfants-lumieres.com\/","name":"Les Enfants Lumi\u00e8res","description":"L&#039;\u00e9ducation pour tous aux Comores","publisher":{"@id":"https:\/\/enfants-lumieres.com\/#organization"},"potentialAction":[{"@type":"SearchAction","target":{"@type":"EntryPoint","urlTemplate":"https:\/\/enfants-lumieres.com\/?s={search_term_string}"},"query-input":{"@type":"PropertyValueSpecification","valueRequired":true,"valueName":"search_term_string"}}],"inLanguage":"en-GB"},{"@type":"Organization","@id":"https:\/\/enfants-lumieres.com\/#organization","name":"Les Enfants Lumi\u00e8res","url":"https:\/\/enfants-lumieres.com\/","logo":{"@type":"ImageObject","inLanguage":"en-GB","@id":"https:\/\/enfants-lumieres.com\/#\/schema\/logo\/image\/","url":"https:\/\/enfants-lumieres.com\/wp-content\/uploads\/2024\/07\/PHOTO-2022-08-27-16-43-03.jpg","contentUrl":"https:\/\/enfants-lumieres.com\/wp-content\/uploads\/2024\/07\/PHOTO-2022-08-27-16-43-03.jpg","width":500,"height":500,"caption":"Les Enfants Lumi\u00e8res"},"image":{"@id":"https:\/\/enfants-lumieres.com\/#\/schema\/logo\/image\/"},"sameAs":["https:\/\/www.facebook.com\/people\/Association-Les-Enfants-Lumires\/100085257520615\/"]}]}},"campaignId":"","_links":{"self":[{"href":"https:\/\/enfants-lumieres.com\/en\/wp-json\/wp\/v2\/pages\/12922","targetHints":{"allow":["GET"]}}],"collection":[{"href":"https:\/\/enfants-lumieres.com\/en\/wp-json\/wp\/v2\/pages"}],"about":[{"href":"https:\/\/enfants-lumieres.com\/en\/wp-json\/wp\/v2\/types\/page"}],"author":[{"embeddable":true,"href":"https:\/\/enfants-lumieres.com\/en\/wp-json\/wp\/v2\/users\/1"}],"replies":[{"embeddable":true,"href":"https:\/\/enfants-lumieres.com\/en\/wp-json\/wp\/v2\/comments?post=12922"}],"version-history":[{"count":10,"href":"https:\/\/enfants-lumieres.com\/en\/wp-json\/wp\/v2\/pages\/12922\/revisions"}],"predecessor-version":[{"id":14311,"href":"https:\/\/enfants-lumieres.com\/en\/wp-json\/wp\/v2\/pages\/12922\/revisions\/14311"}],"wp:attachment":[{"href":"https:\/\/enfants-lumieres.com\/en\/wp-json\/wp\/v2\/media?parent=12922"}],"curies":[{"name":"wp","href":"https:\/\/api.w.org\/{rel}","templated":true}]}}