{"id":13704,"date":"2025-03-08T19:32:58","date_gmt":"2025-03-08T18:32:58","guid":{"rendered":"https:\/\/enfants-lumieres.com\/?page_id=13704"},"modified":"2025-03-10T13:38:51","modified_gmt":"2025-03-10T12:38:51","slug":"nos-galeries-photos","status":"publish","type":"page","link":"https:\/\/enfants-lumieres.com\/en\/nos-galeries-photos\/","title":{"rendered":"Nos Galeries Photos"},"content":{"rendered":"<div class=\"wpb-content-wrapper\"><div class=\"vc_row wpb_row vc_row-fluid\"><div class=\"wpb_column vc_column_container vc_col-sm-12\"><div class=\"vc_column-inner\"><div class=\"wpb_wrapper\"><div class=\"vc_row wpb_row vc_inner vc_row-fluid\"><div class=\"wpb_column vc_column_container vc_col-sm-12\"><div class=\"vc_column-inner\"><div class=\"wpb_wrapper\"><h2 style=\"font-size: 36px;color: #673ab7;text-align: center;font-family:Oleo Script;font-weight:400;font-style:normal\" class=\"vc_custom_heading\" >Galeries Photos<\/h2>\n\t<div  class=\"wpb_single_image wpb_content_element vc_align_center wpb_content_element\">\n\t\t\n\t\t<figure class=\"wpb_wrapper vc_figure\">\n\t\t\t<div class=\"vc_single_image-wrapper   vc_box_border_grey\"><img loading=\"lazy\" decoding=\"async\" width=\"86\" height=\"10\" src=\"https:\/\/enfants-lumieres.com\/wp-content\/uploads\/2016\/11\/title_bg.png\" class=\"vc_single_image-img attachment-full\" alt=\"img\" title=\"title_bg\" srcset=\"https:\/\/enfants-lumieres.com\/wp-content\/uploads\/2016\/11\/title_bg.png 86w, https:\/\/enfants-lumieres.com\/wp-content\/uploads\/2016\/11\/title_bg-18x2.png 18w\" sizes=\"auto, (max-width: 86px) 100vw, 86px\" \/><\/div>\n\t\t<\/figure>\n\t<\/div>\n<\/div><\/div><\/div><\/div><\/div><\/div><\/div><div class=\"wpb_column vc_column_container vc_col-sm-4\"><div class=\"vc_column-inner\"><div class=\"wpb_wrapper\"><div class='dt-sc-image-caption type8'><div class='dt-sc-image-wrapper'><a target=\"_self\" href=\"https:\/\/enfants-lumieres.com\/en\/travaux-renovation\/\"><img loading=\"lazy\" decoding=\"async\" width=\"1040\" height=\"780\" src=\"https:\/\/enfants-lumieres.com\/wp-content\/uploads\/2025\/03\/travaux.jpeg\" class=\"attachment-full\" alt=\"\" title=\"Toit Terrasse Vue de Face\" srcset=\"https:\/\/enfants-lumieres.com\/wp-content\/uploads\/2025\/03\/travaux.jpeg 1040w, https:\/\/enfants-lumieres.com\/wp-content\/uploads\/2025\/03\/travaux-300x225.jpeg 300w, https:\/\/enfants-lumieres.com\/wp-content\/uploads\/2025\/03\/travaux-1024x768.jpeg 1024w, https:\/\/enfants-lumieres.com\/wp-content\/uploads\/2025\/03\/travaux-500x375.jpeg 500w\" sizes=\"auto, (max-width: 1040px) 100vw, 1040px\" \/><\/a><\/div><div class='dt-sc-image-content'><div class='dt-sc-image-title'><h3><a href=\"https:\/\/enfants-lumieres.com\/en\/travaux-renovation\/\" target=\"_self\" title=\"Travaux &amp; Renovation\">Travaux &amp; R\u00e9novation<\/a><\/h3><\/div><p>Parcourez notre galerie \u00ab Travaux et R\u00e9novation \u00bb pour observer l&rsquo;\u00e9volution de notre projet et voir comment nous \u00e9difions un avenir \u00e9ducatif remarquable \u00e0 La Maison des Enfants Lumi\u00e8res. Chaque photo t\u00e9moigne des efforts et de la passion qui animent notre mission d&rsquo;offrir un cadre d&rsquo;apprentissage exceptionnel.<\/p><\/div><\/div><div class=\"vc_separator wpb_content_element vc_separator_align_center vc_sep_width_100 vc_sep_pos_align_center vc_separator_no_text vc_sep_color_grey wpb_content_element  wpb_content_element\" ><span class=\"vc_sep_holder vc_sep_holder_l\"><span class=\"vc_sep_line\"><\/span><\/span><span class=\"vc_sep_holder vc_sep_holder_r\"><span class=\"vc_sep_line\"><\/span><\/span>\n<\/div><div class='dt-sc-image-caption type8  imagecaption-21055994991421872197685279251710400958'><div class='dt-sc-image-wrapper'><a target=\"_self\" href=\"https:\/\/enfants-lumieres.com\/en\/sorties-scolaires\/\"><img loading=\"lazy\" decoding=\"async\" width=\"1020\" height=\"765\" src=\"https:\/\/enfants-lumieres.com\/wp-content\/uploads\/2025\/03\/8F2F1D1C-B908-461D-BACC-648A45DD8CB1.jpg\" class=\"attachment-full\" alt=\"\" title=\"8F2F1D1C-B908-461D-BACC-648A45DD8CB1\" srcset=\"https:\/\/enfants-lumieres.com\/wp-content\/uploads\/2025\/03\/8F2F1D1C-B908-461D-BACC-648A45DD8CB1.jpg 1020w, https:\/\/enfants-lumieres.com\/wp-content\/uploads\/2025\/03\/8F2F1D1C-B908-461D-BACC-648A45DD8CB1-300x225.jpg 300w, https:\/\/enfants-lumieres.com\/wp-content\/uploads\/2025\/03\/8F2F1D1C-B908-461D-BACC-648A45DD8CB1-16x12.jpg 16w, https:\/\/enfants-lumieres.com\/wp-content\/uploads\/2025\/03\/8F2F1D1C-B908-461D-BACC-648A45DD8CB1-610x458.jpg 610w, https:\/\/enfants-lumieres.com\/wp-content\/uploads\/2025\/03\/8F2F1D1C-B908-461D-BACC-648A45DD8CB1-500x375.jpg 500w\" sizes=\"auto, (max-width: 1020px) 100vw, 1020px\" \/><\/a><\/div><div class='dt-sc-image-content'><div class='dt-sc-image-title'><h3><a href=\"https:\/\/enfants-lumieres.com\/en\/sorties-scolaires\/\" target=\"_self\" title=\"Sorties Scolaires\">Sorties Scolaires<\/a><\/h3><\/div><p>D\u00e9couvrez les photos captivantes et enrichissantes de nos excursions p\u00e9dagogiques, des composantes cl\u00e9s de la m\u00e9thode \u00e9ducative innovante et adapt\u00e9e que nous mettons en \u0153uvre \u00e0 La Maison des Enfants Lumi\u00e8res.<\/p><\/div><\/div><\/div><\/div><\/div><div class=\"wpb_column vc_column_container vc_col-sm-4\"><div class=\"vc_column-inner\"><div class=\"wpb_wrapper\"><div class='dt-sc-image-caption type8  imagecaption-102439590419883227671297945911123776603'><div class='dt-sc-image-wrapper'><a target=\"_self\" href=\"https:\/\/enfants-lumieres.com\/en\/activites-dans-la-nature\/\"><img loading=\"lazy\" decoding=\"async\" width=\"1020\" height=\"765\" src=\"https:\/\/enfants-lumieres.com\/wp-content\/uploads\/2024\/05\/2C54F272-518C-4C2F-BCB7-1E2AD47DE39C.jpg\" class=\"attachment-full\" alt=\"\" title=\"2C54F272-518C-4C2F-BCB7-1E2AD47DE39C\" srcset=\"https:\/\/enfants-lumieres.com\/wp-content\/uploads\/2024\/05\/2C54F272-518C-4C2F-BCB7-1E2AD47DE39C.jpg 1020w, https:\/\/enfants-lumieres.com\/wp-content\/uploads\/2024\/05\/2C54F272-518C-4C2F-BCB7-1E2AD47DE39C-300x225.jpg 300w, https:\/\/enfants-lumieres.com\/wp-content\/uploads\/2024\/05\/2C54F272-518C-4C2F-BCB7-1E2AD47DE39C-16x12.jpg 16w, https:\/\/enfants-lumieres.com\/wp-content\/uploads\/2024\/05\/2C54F272-518C-4C2F-BCB7-1E2AD47DE39C-500x375.jpg 500w\" sizes=\"auto, (max-width: 1020px) 100vw, 1020px\" \/><\/a><\/div><div class='dt-sc-image-content'><div class='dt-sc-image-title'><h3><a href=\"https:\/\/enfants-lumieres.com\/en\/activites-dans-la-nature\/\" target=\"_self\" title=\"Activit\u00e9s Dans la Nature\">Activit\u00e9s Dans la Nature<\/a><\/h3><\/div><p>Plongez dans nos activit\u00e9s en nature, planifi\u00e9es chaque mercredi, o\u00f9 les enfants ont l&rsquo;opportunit\u00e9 de se connecter avec l&rsquo;environnement ext\u00e9rieur. Ces sorties hebdomadaires sont une chance pour eux de d\u00e9couvrir le monde autour d&rsquo;eux, d&rsquo;apprendre de mani\u00e8re interactive et de d\u00e9velopper une appr\u00e9ciation pour la nature.<\/p><\/div><\/div><div class=\"vc_separator wpb_content_element vc_separator_align_center vc_sep_width_100 vc_sep_pos_align_center vc_separator_no_text vc_sep_color_grey wpb_content_element  wpb_content_element\" ><span class=\"vc_sep_holder vc_sep_holder_l\"><span class=\"vc_sep_line\"><\/span><\/span><span class=\"vc_sep_holder vc_sep_holder_r\"><span class=\"vc_sep_line\"><\/span><\/span>\n<\/div><div class='dt-sc-image-caption type8  imagecaption-12962967712366399741951375477906362011'><div class='dt-sc-image-wrapper'><a target=\"_self\" href=\"https:\/\/enfants-lumieres.com\/en\/13986-2\/\"><img loading=\"lazy\" decoding=\"async\" width=\"1040\" height=\"780\" src=\"https:\/\/enfants-lumieres.com\/wp-content\/uploads\/2024\/05\/WhatsApp-Image-2022-09-30-at-14.21.14-1.jpeg\" class=\"attachment-full\" alt=\"\" title=\"WhatsApp Image 2022-09-30 at 14.21.14 (1)\" srcset=\"https:\/\/enfants-lumieres.com\/wp-content\/uploads\/2024\/05\/WhatsApp-Image-2022-09-30-at-14.21.14-1.jpeg 1040w, https:\/\/enfants-lumieres.com\/wp-content\/uploads\/2024\/05\/WhatsApp-Image-2022-09-30-at-14.21.14-1-300x225.jpeg 300w, https:\/\/enfants-lumieres.com\/wp-content\/uploads\/2024\/05\/WhatsApp-Image-2022-09-30-at-14.21.14-1-1024x768.jpeg 1024w, https:\/\/enfants-lumieres.com\/wp-content\/uploads\/2024\/05\/WhatsApp-Image-2022-09-30-at-14.21.14-1-16x12.jpeg 16w, https:\/\/enfants-lumieres.com\/wp-content\/uploads\/2024\/05\/WhatsApp-Image-2022-09-30-at-14.21.14-1-500x375.jpeg 500w\" sizes=\"auto, (max-width: 1040px) 100vw, 1040px\" \/><\/a><\/div><div class='dt-sc-image-content'><div class='dt-sc-image-title'><h3><a href=\"https:\/\/enfants-lumieres.com\/en\/13986-2\/\" target=\"_self\" title=\"(pas de titre)\">Mat\u00e9riel et Mobilier Scolaire<\/a><\/h3><\/div><p>Dans nos initiatives, nous fournissons r\u00e9guli\u00e8rement mat\u00e9riel p\u00e9dagogique et mobilier scolaire. Cette approche assure que nos salles sont \u00e9quip\u00e9es, permettant aux \u00e9l\u00e8ves de b\u00e9n\u00e9ficier d\u2019un environnement d\u2019apprentissage optimal.<\/p><\/div><\/div><\/div><\/div><\/div><div class=\"wpb_column vc_column_container vc_col-sm-4\"><div class=\"vc_column-inner\"><div class=\"wpb_wrapper\"><div class='dt-sc-image-caption type8  imagecaption-760455962141013663259993356657539869'><div class='dt-sc-image-wrapper'><a target=\"_self\" href=\"https:\/\/enfants-lumieres.com\/en\/apprentissage-par-les-jeux\/\"><img loading=\"lazy\" decoding=\"async\" width=\"1040\" height=\"780\" src=\"https:\/\/enfants-lumieres.com\/wp-content\/uploads\/2024\/05\/17dfdeb7-d716-4342-9f2e-0d67f1cd4c58.jpg\" class=\"attachment-full\" alt=\"\" title=\"17dfdeb7-d716-4342-9f2e-0d67f1cd4c58\" srcset=\"https:\/\/enfants-lumieres.com\/wp-content\/uploads\/2024\/05\/17dfdeb7-d716-4342-9f2e-0d67f1cd4c58.jpg 1040w, https:\/\/enfants-lumieres.com\/wp-content\/uploads\/2024\/05\/17dfdeb7-d716-4342-9f2e-0d67f1cd4c58-300x225.jpg 300w, https:\/\/enfants-lumieres.com\/wp-content\/uploads\/2024\/05\/17dfdeb7-d716-4342-9f2e-0d67f1cd4c58-1024x768.jpg 1024w, https:\/\/enfants-lumieres.com\/wp-content\/uploads\/2024\/05\/17dfdeb7-d716-4342-9f2e-0d67f1cd4c58-16x12.jpg 16w, https:\/\/enfants-lumieres.com\/wp-content\/uploads\/2024\/05\/17dfdeb7-d716-4342-9f2e-0d67f1cd4c58-500x375.jpg 500w\" sizes=\"auto, (max-width: 1040px) 100vw, 1040px\" \/><\/a><\/div><div class='dt-sc-image-content'><div class='dt-sc-image-title'><h3><a href=\"https:\/\/enfants-lumieres.com\/en\/apprentissage-par-les-jeux\/\" target=\"_self\" title=\"Apprentissage Par Les Jeux\">Apprentissage Par Les Jeux<\/a><\/h3><\/div><p>Explorez notre galerie de photos sur l&rsquo;apprentissage par les jeux, une m\u00e9thode essentielle pour introduire la lecture et les math\u00e9matiques de mani\u00e8re ludique. D\u00e9couvrez comment les jeux \u00e9ducatifs peuvent transformer l&rsquo;apprentissage en une exp\u00e9rience amusante et engageante pour les enfants.<\/p><\/div><\/div><div class=\"vc_separator wpb_content_element vc_separator_align_center vc_sep_width_100 vc_sep_pos_align_center vc_separator_no_text vc_sep_color_grey wpb_content_element  wpb_content_element\" ><span class=\"vc_sep_holder vc_sep_holder_l\"><span class=\"vc_sep_line\"><\/span><\/span><span class=\"vc_sep_holder vc_sep_holder_r\"><span class=\"vc_sep_line\"><\/span><\/span>\n<\/div><div class='dt-sc-image-caption type8  imagecaption-1204161351141994320817070696662124163042'><div class='dt-sc-image-wrapper'><a target=\"_self\" href=\"https:\/\/enfants-lumieres.com\/en\/arbres-et-fruits-des-comores\/\"><img loading=\"lazy\" decoding=\"async\" width=\"1020\" height=\"765\" src=\"https:\/\/enfants-lumieres.com\/wp-content\/uploads\/2024\/05\/9A5428E3-DB28-4BB5-B22B-20F972EB5F85_L0_001-11_11_2023-12_47_01.jpg\" class=\"attachment-full\" alt=\"\" title=\"9A5428E3-DB28-4BB5-B22B-20F972EB5F85_L0_001-11_11_2023 12_47_01\" srcset=\"https:\/\/enfants-lumieres.com\/wp-content\/uploads\/2024\/05\/9A5428E3-DB28-4BB5-B22B-20F972EB5F85_L0_001-11_11_2023-12_47_01.jpg 1020w, https:\/\/enfants-lumieres.com\/wp-content\/uploads\/2024\/05\/9A5428E3-DB28-4BB5-B22B-20F972EB5F85_L0_001-11_11_2023-12_47_01-300x225.jpg 300w, https:\/\/enfants-lumieres.com\/wp-content\/uploads\/2024\/05\/9A5428E3-DB28-4BB5-B22B-20F972EB5F85_L0_001-11_11_2023-12_47_01-16x12.jpg 16w, https:\/\/enfants-lumieres.com\/wp-content\/uploads\/2024\/05\/9A5428E3-DB28-4BB5-B22B-20F972EB5F85_L0_001-11_11_2023-12_47_01-500x375.jpg 500w\" sizes=\"auto, (max-width: 1020px) 100vw, 1020px\" \/><\/a><\/div><div class='dt-sc-image-content'><div class='dt-sc-image-title'><h3><a href=\"https:\/\/enfants-lumieres.com\/en\/arbres-et-fruits-des-comores\/\" target=\"_self\" title=\"Arbres Et Fruits Des Comores\">Arbres et Fruits Des comores<\/a><\/h3><\/div><p>\u00c9veil sensoriel et d\u00e9couverte des arbres fruitiers ainsi que des fruits embl\u00e9matiques des Comores. Cette exp\u00e9rience enrichit la connaissance des enfants sur la biodiversit\u00e9 locale tout en stimulant leurs sens.<\/p><\/div><\/div><\/div><\/div><\/div><\/div>\n<\/div>","protected":false},"excerpt":{"rendered":"Galeries Photos Travaux &amp; R\u00e9novationParcourez notre galerie \u00ab Travaux et R\u00e9novation \u00bb pour observer l'\u00e9volution de notre projet et voir comment nous \u00e9difions un avenir \u00e9ducatif remarquable \u00e0 La Maison des Enfants Lumi\u00e8res. Chaque photo t\u00e9moigne des efforts et de la passion qui animent notre mission d'offrir un cadre d'apprentissage exceptionnel. Sorties ScolairesD\u00e9couvrez les photos [...]","protected":false},"author":1,"featured_media":0,"parent":0,"menu_order":0,"comment_status":"closed","ping_status":"closed","template":"","meta":{"give_campaign_id":0,"footnotes":""},"class_list":["post-13704","page","type-page","status-publish","hentry"],"yoast_head":"<!-- This site is optimized with the Yoast SEO plugin v27.4 - https:\/\/yoast.com\/product\/yoast-seo-wordpress\/ -->\n<title>Nos Galeries Photos - Les Enfants Lumi\u00e8res<\/title>\n<meta name=\"robots\" content=\"index, follow, max-snippet:-1, max-image-preview:large, max-video-preview:-1\" \/>\n<link rel=\"canonical\" href=\"https:\/\/enfants-lumieres.com\/en\/nos-galeries-photos\/\" \/>\n<meta property=\"og:locale\" content=\"en_GB\" \/>\n<meta property=\"og:type\" content=\"article\" \/>\n<meta property=\"og:title\" content=\"Nos Galeries Photos - Les Enfants Lumi\u00e8res\" \/>\n<meta property=\"og:url\" content=\"https:\/\/enfants-lumieres.com\/en\/nos-galeries-photos\/\" \/>\n<meta property=\"og:site_name\" content=\"Les Enfants Lumi\u00e8res\" \/>\n<meta property=\"article:publisher\" content=\"https:\/\/www.facebook.com\/people\/Association-Les-Enfants-Lumires\/100085257520615\/\" \/>\n<meta property=\"article:modified_time\" content=\"2025-03-10T12:38:51+00:00\" \/>\n<meta name=\"twitter:card\" content=\"summary_large_image\" \/>\n<meta name=\"twitter:label1\" content=\"Estimated reading time\" \/>\n\t<meta name=\"twitter:data1\" content=\"3 minutes\" \/>\n<script type=\"application\/ld+json\" class=\"yoast-schema-graph\">{\"@context\":\"https:\\\/\\\/schema.org\",\"@graph\":[{\"@type\":\"WebPage\",\"@id\":\"https:\\\/\\\/enfants-lumieres.com\\\/nos-galeries-photos\\\/\",\"url\":\"https:\\\/\\\/enfants-lumieres.com\\\/nos-galeries-photos\\\/\",\"name\":\"Nos Galeries Photos - Les Enfants Lumi\u00e8res\",\"isPartOf\":{\"@id\":\"https:\\\/\\\/enfants-lumieres.com\\\/#website\"},\"datePublished\":\"2025-03-08T18:32:58+00:00\",\"dateModified\":\"2025-03-10T12:38:51+00:00\",\"breadcrumb\":{\"@id\":\"https:\\\/\\\/enfants-lumieres.com\\\/nos-galeries-photos\\\/#breadcrumb\"},\"inLanguage\":\"en-GB\",\"potentialAction\":[{\"@type\":\"ReadAction\",\"target\":[\"https:\\\/\\\/enfants-lumieres.com\\\/nos-galeries-photos\\\/\"]}]},{\"@type\":\"BreadcrumbList\",\"@id\":\"https:\\\/\\\/enfants-lumieres.com\\\/nos-galeries-photos\\\/#breadcrumb\",\"itemListElement\":[{\"@type\":\"ListItem\",\"position\":1,\"name\":\"Accueil\",\"item\":\"https:\\\/\\\/enfants-lumieres.com\\\/\"},{\"@type\":\"ListItem\",\"position\":2,\"name\":\"Nos Galeries Photos\"}]},{\"@type\":\"WebSite\",\"@id\":\"https:\\\/\\\/enfants-lumieres.com\\\/#website\",\"url\":\"https:\\\/\\\/enfants-lumieres.com\\\/\",\"name\":\"Les Enfants Lumi\u00e8res\",\"description\":\"L&#039;\u00e9ducation pour tous aux Comores\",\"publisher\":{\"@id\":\"https:\\\/\\\/enfants-lumieres.com\\\/#organization\"},\"potentialAction\":[{\"@type\":\"SearchAction\",\"target\":{\"@type\":\"EntryPoint\",\"urlTemplate\":\"https:\\\/\\\/enfants-lumieres.com\\\/?s={search_term_string}\"},\"query-input\":{\"@type\":\"PropertyValueSpecification\",\"valueRequired\":true,\"valueName\":\"search_term_string\"}}],\"inLanguage\":\"en-GB\"},{\"@type\":\"Organization\",\"@id\":\"https:\\\/\\\/enfants-lumieres.com\\\/#organization\",\"name\":\"Les Enfants Lumi\u00e8res\",\"url\":\"https:\\\/\\\/enfants-lumieres.com\\\/\",\"logo\":{\"@type\":\"ImageObject\",\"inLanguage\":\"en-GB\",\"@id\":\"https:\\\/\\\/enfants-lumieres.com\\\/#\\\/schema\\\/logo\\\/image\\\/\",\"url\":\"https:\\\/\\\/enfants-lumieres.com\\\/wp-content\\\/uploads\\\/2024\\\/07\\\/PHOTO-2022-08-27-16-43-03.jpg\",\"contentUrl\":\"https:\\\/\\\/enfants-lumieres.com\\\/wp-content\\\/uploads\\\/2024\\\/07\\\/PHOTO-2022-08-27-16-43-03.jpg\",\"width\":500,\"height\":500,\"caption\":\"Les Enfants Lumi\u00e8res\"},\"image\":{\"@id\":\"https:\\\/\\\/enfants-lumieres.com\\\/#\\\/schema\\\/logo\\\/image\\\/\"},\"sameAs\":[\"https:\\\/\\\/www.facebook.com\\\/people\\\/Association-Les-Enfants-Lumires\\\/100085257520615\\\/\"]}]}<\/script>\n<!-- \/ Yoast SEO plugin. -->","yoast_head_json":{"title":"Nos Galeries Photos - Les Enfants Lumi\u00e8res","robots":{"index":"index","follow":"follow","max-snippet":"max-snippet:-1","max-image-preview":"max-image-preview:large","max-video-preview":"max-video-preview:-1"},"canonical":"https:\/\/enfants-lumieres.com\/en\/nos-galeries-photos\/","og_locale":"en_GB","og_type":"article","og_title":"Nos Galeries Photos - Les Enfants Lumi\u00e8res","og_url":"https:\/\/enfants-lumieres.com\/en\/nos-galeries-photos\/","og_site_name":"Les Enfants Lumi\u00e8res","article_publisher":"https:\/\/www.facebook.com\/people\/Association-Les-Enfants-Lumires\/100085257520615\/","article_modified_time":"2025-03-10T12:38:51+00:00","twitter_card":"summary_large_image","twitter_misc":{"Estimated reading time":"3 minutes"},"schema":{"@context":"https:\/\/schema.org","@graph":[{"@type":"WebPage","@id":"https:\/\/enfants-lumieres.com\/nos-galeries-photos\/","url":"https:\/\/enfants-lumieres.com\/nos-galeries-photos\/","name":"Nos Galeries Photos - Les Enfants Lumi\u00e8res","isPartOf":{"@id":"https:\/\/enfants-lumieres.com\/#website"},"datePublished":"2025-03-08T18:32:58+00:00","dateModified":"2025-03-10T12:38:51+00:00","breadcrumb":{"@id":"https:\/\/enfants-lumieres.com\/nos-galeries-photos\/#breadcrumb"},"inLanguage":"en-GB","potentialAction":[{"@type":"ReadAction","target":["https:\/\/enfants-lumieres.com\/nos-galeries-photos\/"]}]},{"@type":"BreadcrumbList","@id":"https:\/\/enfants-lumieres.com\/nos-galeries-photos\/#breadcrumb","itemListElement":[{"@type":"ListItem","position":1,"name":"Accueil","item":"https:\/\/enfants-lumieres.com\/"},{"@type":"ListItem","position":2,"name":"Nos Galeries Photos"}]},{"@type":"WebSite","@id":"https:\/\/enfants-lumieres.com\/#website","url":"https:\/\/enfants-lumieres.com\/","name":"Les Enfants Lumi\u00e8res","description":"L&#039;\u00e9ducation pour tous aux Comores","publisher":{"@id":"https:\/\/enfants-lumieres.com\/#organization"},"potentialAction":[{"@type":"SearchAction","target":{"@type":"EntryPoint","urlTemplate":"https:\/\/enfants-lumieres.com\/?s={search_term_string}"},"query-input":{"@type":"PropertyValueSpecification","valueRequired":true,"valueName":"search_term_string"}}],"inLanguage":"en-GB"},{"@type":"Organization","@id":"https:\/\/enfants-lumieres.com\/#organization","name":"Les Enfants Lumi\u00e8res","url":"https:\/\/enfants-lumieres.com\/","logo":{"@type":"ImageObject","inLanguage":"en-GB","@id":"https:\/\/enfants-lumieres.com\/#\/schema\/logo\/image\/","url":"https:\/\/enfants-lumieres.com\/wp-content\/uploads\/2024\/07\/PHOTO-2022-08-27-16-43-03.jpg","contentUrl":"https:\/\/enfants-lumieres.com\/wp-content\/uploads\/2024\/07\/PHOTO-2022-08-27-16-43-03.jpg","width":500,"height":500,"caption":"Les Enfants Lumi\u00e8res"},"image":{"@id":"https:\/\/enfants-lumieres.com\/#\/schema\/logo\/image\/"},"sameAs":["https:\/\/www.facebook.com\/people\/Association-Les-Enfants-Lumires\/100085257520615\/"]}]}},"campaignId":"","_links":{"self":[{"href":"https:\/\/enfants-lumieres.com\/en\/wp-json\/wp\/v2\/pages\/13704","targetHints":{"allow":["GET"]}}],"collection":[{"href":"https:\/\/enfants-lumieres.com\/en\/wp-json\/wp\/v2\/pages"}],"about":[{"href":"https:\/\/enfants-lumieres.com\/en\/wp-json\/wp\/v2\/types\/page"}],"author":[{"embeddable":true,"href":"https:\/\/enfants-lumieres.com\/en\/wp-json\/wp\/v2\/users\/1"}],"replies":[{"embeddable":true,"href":"https:\/\/enfants-lumieres.com\/en\/wp-json\/wp\/v2\/comments?post=13704"}],"version-history":[{"count":34,"href":"https:\/\/enfants-lumieres.com\/en\/wp-json\/wp\/v2\/pages\/13704\/revisions"}],"predecessor-version":[{"id":14253,"href":"https:\/\/enfants-lumieres.com\/en\/wp-json\/wp\/v2\/pages\/13704\/revisions\/14253"}],"wp:attachment":[{"href":"https:\/\/enfants-lumieres.com\/en\/wp-json\/wp\/v2\/media?parent=13704"}],"curies":[{"name":"wp","href":"https:\/\/api.w.org\/{rel}","templated":true}]}}