{"id":7467,"date":"2016-11-19T06:28:26","date_gmt":"2016-11-19T06:28:26","guid":{"rendered":"http:\/\/kidsheaven.local\/?page_id=7467"},"modified":"2026-04-13T19:50:32","modified_gmt":"2026-04-13T17:50:32","slug":"home","status":"publish","type":"page","link":"https:\/\/enfants-lumieres.com\/en\/home\/","title":{"rendered":"Pr\u00e9sentation de l&rsquo;association"},"content":{"rendered":"<div class=\"wpb-content-wrapper\"><div class=\"vc_row wpb_row vc_row-fluid\"><div class=\"wpb_column vc_column_container vc_col-sm-12\"><div class=\"vc_column-inner\"><div class=\"wpb_wrapper\"><div class=\"vc_row wpb_row vc_inner vc_row-fluid\"><div class=\"wpb_column vc_column_container vc_col-sm-12\"><div class=\"vc_column-inner\"><div class=\"wpb_wrapper\"><h2 style=\"font-size: 36px;color: #673ab7;text-align: left;font-family:Oleo Script;font-weight:400;font-style:normal\" class=\"vc_custom_heading\" >Association Les Enfants Lumi\u00e8res<\/h2>\n\t<div  class=\"wpb_single_image wpb_content_element vc_align_left wpb_content_element\">\n\t\t\n\t\t<figure class=\"wpb_wrapper vc_figure\">\n\t\t\t<div class=\"vc_single_image-wrapper   vc_box_border_grey\"><img loading=\"lazy\" decoding=\"async\" width=\"86\" height=\"10\" src=\"https:\/\/enfants-lumieres.com\/wp-content\/uploads\/2016\/11\/title_bg.png\" class=\"vc_single_image-img attachment-full\" alt=\"img\" title=\"title_bg\" srcset=\"https:\/\/enfants-lumieres.com\/wp-content\/uploads\/2016\/11\/title_bg.png 86w, https:\/\/enfants-lumieres.com\/wp-content\/uploads\/2016\/11\/title_bg-18x2.png 18w\" sizes=\"auto, (max-width: 86px) 100vw, 86px\" \/><\/div>\n\t\t<\/figure>\n\t<\/div>\n<\/div><\/div><\/div><\/div><div class=\"vc_row wpb_row vc_inner vc_row-fluid\"><div class=\"wpb_column vc_column_container vc_col-sm-3\"><div class=\"vc_column-inner\"><div class=\"wpb_wrapper\">\n\t<div  class=\"wpb_single_image wpb_content_element vc_align_center wpb_content_element\">\n\t\t\n\t\t<figure class=\"wpb_wrapper vc_figure\">\n\t\t\t<div class=\"vc_single_image-wrapper   vc_box_border_grey\"><img loading=\"lazy\" decoding=\"async\" width=\"705\" height=\"591\" src=\"https:\/\/enfants-lumieres.com\/wp-content\/uploads\/2024\/05\/Empowering-young-minds-for-a-brighter-future.png\" class=\"vc_single_image-img attachment-large\" alt=\"\" title=\"Empowering young minds for a brighter future\" srcset=\"https:\/\/enfants-lumieres.com\/wp-content\/uploads\/2024\/05\/Empowering-young-minds-for-a-brighter-future.png 705w, https:\/\/enfants-lumieres.com\/wp-content\/uploads\/2024\/05\/Empowering-young-minds-for-a-brighter-future-300x251.png 300w, https:\/\/enfants-lumieres.com\/wp-content\/uploads\/2024\/05\/Empowering-young-minds-for-a-brighter-future-14x12.png 14w, https:\/\/enfants-lumieres.com\/wp-content\/uploads\/2024\/05\/Empowering-young-minds-for-a-brighter-future-500x419.png 500w\" sizes=\"auto, (max-width: 705px) 100vw, 705px\" \/><\/div>\n\t\t<\/figure>\n\t<\/div>\n\n\t<div  class=\"wpb_single_image wpb_content_element vc_align_center wpb_content_element\">\n\t\t\n\t\t<figure class=\"wpb_wrapper vc_figure\">\n\t\t\t<div class=\"vc_single_image-wrapper   vc_box_border_grey\"><img loading=\"lazy\" decoding=\"async\" width=\"1020\" height=\"765\" src=\"https:\/\/enfants-lumieres.com\/wp-content\/uploads\/2024\/05\/6241F202-A120-4CE3-9E9D-539EBD505EE9.jpg\" class=\"vc_single_image-img attachment-large\" alt=\"\" title=\"6241F202-A120-4CE3-9E9D-539EBD505EE9\" srcset=\"https:\/\/enfants-lumieres.com\/wp-content\/uploads\/2024\/05\/6241F202-A120-4CE3-9E9D-539EBD505EE9.jpg 1020w, https:\/\/enfants-lumieres.com\/wp-content\/uploads\/2024\/05\/6241F202-A120-4CE3-9E9D-539EBD505EE9-300x225.jpg 300w, https:\/\/enfants-lumieres.com\/wp-content\/uploads\/2024\/05\/6241F202-A120-4CE3-9E9D-539EBD505EE9-16x12.jpg 16w, https:\/\/enfants-lumieres.com\/wp-content\/uploads\/2024\/05\/6241F202-A120-4CE3-9E9D-539EBD505EE9-500x375.jpg 500w\" sizes=\"auto, (max-width: 1020px) 100vw, 1020px\" \/><\/div>\n\t\t<\/figure>\n\t<\/div>\n\n\t<div  class=\"wpb_single_image wpb_content_element vc_align_center wpb_content_element\">\n\t\t\n\t\t<figure class=\"wpb_wrapper vc_figure\">\n\t\t\t<div class=\"vc_single_image-wrapper   vc_box_border_grey\"><img loading=\"lazy\" decoding=\"async\" width=\"1024\" height=\"768\" src=\"https:\/\/enfants-lumieres.com\/wp-content\/uploads\/2024\/05\/BB5F3B06-45D4-4B5C-9338-990B11FB1D6F-1024x768.jpg\" class=\"vc_single_image-img attachment-large\" alt=\"\" title=\"BB5F3B06-45D4-4B5C-9338-990B11FB1D6F\" srcset=\"https:\/\/enfants-lumieres.com\/wp-content\/uploads\/2024\/05\/BB5F3B06-45D4-4B5C-9338-990B11FB1D6F-1024x768.jpg 1024w, https:\/\/enfants-lumieres.com\/wp-content\/uploads\/2024\/05\/BB5F3B06-45D4-4B5C-9338-990B11FB1D6F-300x225.jpg 300w, https:\/\/enfants-lumieres.com\/wp-content\/uploads\/2024\/05\/BB5F3B06-45D4-4B5C-9338-990B11FB1D6F-16x12.jpg 16w, https:\/\/enfants-lumieres.com\/wp-content\/uploads\/2024\/05\/BB5F3B06-45D4-4B5C-9338-990B11FB1D6F-500x375.jpg 500w, https:\/\/enfants-lumieres.com\/wp-content\/uploads\/2024\/05\/BB5F3B06-45D4-4B5C-9338-990B11FB1D6F.jpg 1040w\" sizes=\"auto, (max-width: 1024px) 100vw, 1024px\" \/><\/div>\n\t\t<\/figure>\n\t<\/div>\n<\/div><\/div><\/div><div class=\"wpb_column vc_column_container vc_col-sm-9\"><div class=\"vc_column-inner\"><div class=\"wpb_wrapper\">\r\n\t<div class=\"wpb_text_column wpb_content_element\"  >\r\n\t\t<div class=\"wpb_wrapper\">\r\n\t\t\t<p>Bienvenue \u00e0 tous sur la page de l&rsquo;association Les Enfants Lumi\u00e8res, un catalyseur d&rsquo;innovation \u00e9ducative aux Comores. Notre mission est de r\u00e9inventer l&rsquo;\u00e9ducation pour les jeunes Comoriens, en utilisant l&rsquo;\u00e9ducation comme un outil fondamental de d\u00e9veloppement et d&rsquo;\u00e9mancipation.<\/p>\n<p>L&rsquo;association Les Enfants Lumi\u00e8res est anim\u00e9e par la conviction profonde que chaque enfant comorien m\u00e9rite une \u00e9ducation de qualit\u00e9 qui respecte et encourage son d\u00e9veloppement individuel. C&rsquo;est dans cet esprit que nous nous concentrons sur la mise en place d&rsquo;\u00e9coles pilotes qui int\u00e8grent une double p\u00e9dagogie : la p\u00e9dagogie Montessori, ax\u00e9e sur l&rsquo;autonomie et le respect du rythme de chaque enfant, et la p\u00e9dagogie par la nature, qui utilise l&rsquo;environnement ext\u00e9rieur comme un espace d&rsquo;apprentissage vital.<\/p>\n\r\n\t\t<\/div>\r\n\t<\/div>\r\n\r\n\t<div class=\"wpb_text_column wpb_content_element\"  >\r\n\t\t<div class=\"wpb_wrapper\">\r\n\t\t\t<p data-start=\"0\" data-end=\"283\">Bienvenue sur la page de l\u2019association Les Enfants Lumi\u00e8res, un moteur d\u2019innovation \u00e9ducative aux Comores. Notre mission fondamentale est de transformer l&rsquo;\u00e9ducation pour les jeunes Comoriens, faisant de l&rsquo;enseignement un levier essentiel pour leur d\u00e9veloppement et leur \u00e9mancipation.<\/p>\n<p data-start=\"285\" data-end=\"709\">Anim\u00e9e par la conviction que chaque enfant m\u00e9rite une \u00e9ducation de haute qualit\u00e9 qui favorise son d\u00e9veloppement unique, notre association met en \u0153uvre des \u00e9coles pilotes qui adoptent une approche \u00e9ducative hybride : la p\u00e9dagogie Montessori, qui encourage l&rsquo;autonomie et respecte le rythme individuel de l&rsquo;enfant, et la p\u00e9dagogie par la nature, exploitant l&rsquo;environnement ext\u00e9rieur comme un lieu d&rsquo;apprentissage enrichissant.<\/p>\n<p data-start=\"711\" data-end=\"1229\">En 2022, nous avons inaugur\u00e9 notre premi\u00e8re \u00e9cole pilote, qui incarne ces principes avant-gardistes. Ce mod\u00e8le d&rsquo;avenir offre un cadre o\u00f9 les \u00e9l\u00e8ves prosp\u00e8rent, engag\u00e9s par des interactions naturelles et des activit\u00e9s qui stimulent leur curiosit\u00e9 et autonomie. Nos efforts ne se limitent pas \u00e0 am\u00e9liorer les infrastructures ; nous investissons \u00e9galement dans la formation continue des enseignants pour qu&rsquo;ils puissent appliquer efficacement ces m\u00e9thodes p\u00e9dagogiques alternatives et impacter positivement leurs \u00e9l\u00e8ves.<\/p>\n<p data-start=\"1231\" data-end=\"1579\">Nous enrichissons aussi l&rsquo;exp\u00e9rience \u00e9ducative des jeunes avec des ateliers et des activit\u00e9s r\u00e9guli\u00e8res, augmentant leurs comp\u00e9tences et leur potentiel de r\u00e9ussite. Nous nous engageons \u00e0 offrir une \u00e9ducation inclusive et \u00e9quitable, accessible \u00e0 tous les enfants, y compris les filles et ceux issus de milieux d\u00e9favoris\u00e9s, \u00e0 ces m\u00e9thodes innovantes.<\/p>\n<p data-start=\"1581\" data-end=\"1919\" data-is-last-node=\"\" data-is-only-node=\"\">Votre soutien est vital pour continuer \u00e0 promouvoir cette r\u00e9volution \u00e9ducative. Rejoignez-nous pour faire de l&rsquo;\u00e9ducation un pilier du d\u00e9veloppement personnel et communautaire aux Comores. Engagez-vous avec nous pour porter la lumi\u00e8re de l&rsquo;\u00e9ducation sur chaque \u00eele comorienne, propulsant l&rsquo;avenir des enfants avec innovation et compassion.<\/p>\n\r\n\t\t<\/div>\r\n\t<\/div>\r\n<\/div><\/div><\/div><\/div><\/div><\/div><\/div><\/div><div class=\"vc_row wpb_row vc_row-fluid\"><div class=\"wpb_column vc_column_container vc_col-sm-12\"><div class=\"vc_column-inner\"><div class=\"wpb_wrapper\"><h2 style=\"color: #673ab7;text-align: left\" class=\"vc_custom_heading\" >Faits marquant de l'association<\/h2>\n\t<div  class=\"wpb_single_image wpb_content_element vc_align_left wpb_content_element\">\n\t\t\n\t\t<figure class=\"wpb_wrapper vc_figure\">\n\t\t\t<div class=\"vc_single_image-wrapper   vc_box_border_grey\"><img loading=\"lazy\" decoding=\"async\" width=\"86\" height=\"10\" src=\"https:\/\/enfants-lumieres.com\/wp-content\/uploads\/2016\/11\/title_bg.png\" class=\"vc_single_image-img attachment-full\" alt=\"img\" title=\"title_bg\" srcset=\"https:\/\/enfants-lumieres.com\/wp-content\/uploads\/2016\/11\/title_bg.png 86w, https:\/\/enfants-lumieres.com\/wp-content\/uploads\/2016\/11\/title_bg-18x2.png 18w\" sizes=\"auto, (max-width: 86px) 100vw, 86px\" \/><\/div>\n\t\t<\/figure>\n\t<\/div>\n<\/div><\/div><\/div><div class=\"aligncenter wpb_column vc_column_container vc_col-sm-12\"><div class=\"vc_column-inner\"><div class=\"wpb_wrapper\"><h3>Cr\u00e9ation de l'association en Juillet 2022<\/h3><div class='dt-sc-hr-invisible-small'> <\/div><div class='dt-sc-clear'> <\/div><div class='dt-sc-timeline-section type2'><div class='dt-sc-timeline left'><div class=\"column dt-sc-one-half\"><div class=\"dt-sc-timeline-content\"><div class=\"dt-sc-timeline-image-wrapper\"><a href='#' title='' target='_blank'><img loading=\"lazy\" decoding=\"async\" width=\"1040\" height=\"780\" src=\"https:\/\/enfants-lumieres.com\/wp-content\/uploads\/2025\/03\/DD9229DB-C6CB-4A5D-AFE8-3CCB74766F2D_L0_001.jpg\" class=\"attachment-full\" alt=\"\" title=\"Terrasse Apr\u00e8s Travaux\" srcset=\"https:\/\/enfants-lumieres.com\/wp-content\/uploads\/2025\/03\/DD9229DB-C6CB-4A5D-AFE8-3CCB74766F2D_L0_001.jpg 1040w, https:\/\/enfants-lumieres.com\/wp-content\/uploads\/2025\/03\/DD9229DB-C6CB-4A5D-AFE8-3CCB74766F2D_L0_001-300x225.jpg 300w, https:\/\/enfants-lumieres.com\/wp-content\/uploads\/2025\/03\/DD9229DB-C6CB-4A5D-AFE8-3CCB74766F2D_L0_001-1024x768.jpg 1024w, https:\/\/enfants-lumieres.com\/wp-content\/uploads\/2025\/03\/DD9229DB-C6CB-4A5D-AFE8-3CCB74766F2D_L0_001-500x375.jpg 500w\" sizes=\"auto, (max-width: 1040px) 100vw, 1040px\" \/><\/a><\/div><h2><span>Septembre 2022<\/span><br>Fin des travaux de r\u00e9habilitation de l'\u00e9cole maternelle la Maison des enfants Lumi\u00e8re \u00e0 Dzahadjou.<\/h2><\/div><\/div><\/div><div class='dt-sc-timeline right'><div class=\"column dt-sc-one-half\"><div class=\"dt-sc-timeline-content\"><div class=\"dt-sc-timeline-image-wrapper\"><a href='#' title='' target='_blank'><img loading=\"lazy\" decoding=\"async\" width=\"1020\" height=\"763\" src=\"https:\/\/enfants-lumieres.com\/wp-content\/uploads\/2024\/05\/Temps-daccueil-PS.jpg\" class=\"attachment-full\" alt=\"\" title=\"Temps d&#039;accueil PS\" srcset=\"https:\/\/enfants-lumieres.com\/wp-content\/uploads\/2024\/05\/Temps-daccueil-PS.jpg 1020w, https:\/\/enfants-lumieres.com\/wp-content\/uploads\/2024\/05\/Temps-daccueil-PS-300x224.jpg 300w, https:\/\/enfants-lumieres.com\/wp-content\/uploads\/2024\/05\/Temps-daccueil-PS-16x12.jpg 16w, https:\/\/enfants-lumieres.com\/wp-content\/uploads\/2024\/05\/Temps-daccueil-PS-500x374.jpg 500w\" sizes=\"auto, (max-width: 1020px) 100vw, 1020px\" \/><\/a><\/div><h2><span>Octobre 2022<\/span><br>La maison des enfants lumi\u00e8res ouvre ses portes et accueille 14 enfants en petite section de maternelle.<\/h2><\/div><\/div><\/div><div class='dt-sc-timeline left'><div class=\"column dt-sc-one-half\"><div class=\"dt-sc-timeline-content\"><div class=\"dt-sc-timeline-image-wrapper\"><a href='#' title='' target='_blank'><img loading=\"lazy\" decoding=\"async\" width=\"1040\" height=\"780\" src=\"https:\/\/enfants-lumieres.com\/wp-content\/uploads\/2024\/05\/BB5F3B06-45D4-4B5C-9338-990B11FB1D6F.jpg\" class=\"attachment-full\" alt=\"\" title=\"BB5F3B06-45D4-4B5C-9338-990B11FB1D6F\" srcset=\"https:\/\/enfants-lumieres.com\/wp-content\/uploads\/2024\/05\/BB5F3B06-45D4-4B5C-9338-990B11FB1D6F.jpg 1040w, https:\/\/enfants-lumieres.com\/wp-content\/uploads\/2024\/05\/BB5F3B06-45D4-4B5C-9338-990B11FB1D6F-300x225.jpg 300w, https:\/\/enfants-lumieres.com\/wp-content\/uploads\/2024\/05\/BB5F3B06-45D4-4B5C-9338-990B11FB1D6F-1024x768.jpg 1024w, https:\/\/enfants-lumieres.com\/wp-content\/uploads\/2024\/05\/BB5F3B06-45D4-4B5C-9338-990B11FB1D6F-16x12.jpg 16w, https:\/\/enfants-lumieres.com\/wp-content\/uploads\/2024\/05\/BB5F3B06-45D4-4B5C-9338-990B11FB1D6F-500x375.jpg 500w\" sizes=\"auto, (max-width: 1040px) 100vw, 1040px\" \/><\/a><\/div><h2><span>Septembre 2023<\/span><br>L\u2019\u00e9cole accueille d\u00e9sormais 44 enfants dans toutes les classes de maternelle.<\/h2><\/div><\/div><\/div><div class='dt-sc-timeline right'><div class=\"column dt-sc-one-half\"><div class=\"dt-sc-timeline-content\"><div class=\"dt-sc-timeline-image-wrapper\"><a href='#' title='' target='_blank'><img loading=\"lazy\" decoding=\"async\" width=\"1020\" height=\"574\" src=\"https:\/\/enfants-lumieres.com\/wp-content\/uploads\/2024\/07\/PHOTO-2024-07-06-16-07-04.jpg\" class=\"attachment-full\" alt=\"\" title=\"PHOTO-2024-07-06-16-07-04\" srcset=\"https:\/\/enfants-lumieres.com\/wp-content\/uploads\/2024\/07\/PHOTO-2024-07-06-16-07-04.jpg 1020w, https:\/\/enfants-lumieres.com\/wp-content\/uploads\/2024\/07\/PHOTO-2024-07-06-16-07-04-300x169.jpg 300w, https:\/\/enfants-lumieres.com\/wp-content\/uploads\/2024\/07\/PHOTO-2024-07-06-16-07-04-18x10.jpg 18w, https:\/\/enfants-lumieres.com\/wp-content\/uploads\/2024\/07\/PHOTO-2024-07-06-16-07-04-500x281.jpg 500w\" sizes=\"auto, (max-width: 1020px) 100vw, 1020px\" \/><\/a><\/div><h2><span>Juillet 2024<\/span><br>Cloture de l'ann\u00e9e scolaire 2023-2024 avec les c\u00e9l\u00e9brations de fin d'ann\u00e9es<\/h2><\/div><\/div><\/div><div class='dt-sc-timeline'><div class=\"column dt-sc-one-half\"><div class=\"dt-sc-timeline-content\"><h2><span>Octobre 2025<\/span><br>Rentr\u00e9e scolaire 2025-2026<\/h2><p>Nouvelle ann\u00e9e scolaire avec plus de 73 inscrits \u00e0 la maison des enfants lumi\u00e8res. L&rsquo;\u00e9quipe p\u00e9dagogique s&rsquo;agrandit avec une nouvelle enseignante et une assistante.<\/p><\/div><\/div><\/div><\/div><\/div><\/div><\/div><\/div><div class=\"vc_row wpb_row vc_row-fluid\"><div class=\"wpb_column vc_column_container vc_col-sm-12\"><div class=\"vc_column-inner\"><div class=\"wpb_wrapper\"><div class=\"vc_btn3-container vc_btn3-center vc_do_btn\" ><a class=\"vc_general vc_btn3 vc_btn3-size-md vc_btn3-shape-rounded vc_btn3-style-3d vc_btn3-block vc_btn3-icon-left vc_btn3-color-violet\" href=\"https:\/\/enfants-lumieres.com\/en\/parrainer-un-enfant-aux-comores\/\" title=\"Parrainage\"><i class=\"vc_btn3-icon fas fa-hand-holding-heart\"><\/i> Vous aussi, faites partie de l'impact, parrainez un enfant.<\/a><\/div><\/div><\/div><\/div><\/div>\n<\/div>","protected":false},"excerpt":{"rendered":"Association Les Enfants Lumi\u00e8res Bienvenue \u00e0 tous sur la page de l'association Les Enfants Lumi\u00e8res, un catalyseur d'innovation \u00e9ducative aux Comores. Notre mission est de r\u00e9inventer l'\u00e9ducation pour les jeunes Comoriens, en utilisant l'\u00e9ducation comme un outil fondamental de d\u00e9veloppement et d'\u00e9mancipation. L'association Les Enfants Lumi\u00e8res est anim\u00e9e par la conviction profonde que chaque enfant [...]","protected":false},"author":1,"featured_media":13398,"parent":0,"menu_order":0,"comment_status":"closed","ping_status":"closed","template":"","meta":{"give_campaign_id":0,"footnotes":""},"class_list":["post-7467","page","type-page","status-publish","has-post-thumbnail","hentry"],"yoast_head":"<!-- This site is optimized with the Yoast SEO plugin v27.4 - https:\/\/yoast.com\/product\/yoast-seo-wordpress\/ -->\n<title>Pr\u00e9sentation de l&#039;association - Les Enfants Lumi\u00e8res<\/title>\n<meta name=\"robots\" content=\"index, follow, max-snippet:-1, max-image-preview:large, max-video-preview:-1\" \/>\n<link rel=\"canonical\" href=\"https:\/\/enfants-lumieres.com\/en\/home\/\" \/>\n<meta property=\"og:locale\" content=\"en_GB\" \/>\n<meta property=\"og:type\" content=\"article\" \/>\n<meta property=\"og:title\" content=\"Pr\u00e9sentation de l&#039;association - Les Enfants Lumi\u00e8res\" \/>\n<meta property=\"og:url\" content=\"https:\/\/enfants-lumieres.com\/en\/home\/\" \/>\n<meta property=\"og:site_name\" content=\"Les Enfants Lumi\u00e8res\" \/>\n<meta property=\"article:publisher\" content=\"https:\/\/www.facebook.com\/people\/Association-Les-Enfants-Lumires\/100085257520615\/\" \/>\n<meta property=\"article:modified_time\" content=\"2026-04-13T17:50:32+00:00\" \/>\n<meta property=\"og:image\" content=\"https:\/\/enfants-lumieres.com\/wp-content\/uploads\/2024\/05\/Empowering-young-minds-for-a-brighter-future.png\" \/>\n\t<meta property=\"og:image:width\" content=\"705\" \/>\n\t<meta property=\"og:image:height\" content=\"591\" \/>\n\t<meta property=\"og:image:type\" content=\"image\/png\" \/>\n<meta name=\"twitter:card\" content=\"summary_large_image\" \/>\n<meta name=\"twitter:label1\" content=\"Estimated reading time\" \/>\n\t<meta name=\"twitter:data1\" content=\"4 minutes\" \/>\n<script type=\"application\/ld+json\" class=\"yoast-schema-graph\">{\"@context\":\"https:\\\/\\\/schema.org\",\"@graph\":[{\"@type\":\"WebPage\",\"@id\":\"https:\\\/\\\/enfants-lumieres.com\\\/home\\\/\",\"url\":\"https:\\\/\\\/enfants-lumieres.com\\\/home\\\/\",\"name\":\"Pr\u00e9sentation de l'association - Les Enfants Lumi\u00e8res\",\"isPartOf\":{\"@id\":\"https:\\\/\\\/enfants-lumieres.com\\\/#website\"},\"primaryImageOfPage\":{\"@id\":\"https:\\\/\\\/enfants-lumieres.com\\\/home\\\/#primaryimage\"},\"image\":{\"@id\":\"https:\\\/\\\/enfants-lumieres.com\\\/home\\\/#primaryimage\"},\"thumbnailUrl\":\"https:\\\/\\\/enfants-lumieres.com\\\/wp-content\\\/uploads\\\/2024\\\/05\\\/Empowering-young-minds-for-a-brighter-future.png\",\"datePublished\":\"2016-11-19T06:28:26+00:00\",\"dateModified\":\"2026-04-13T17:50:32+00:00\",\"breadcrumb\":{\"@id\":\"https:\\\/\\\/enfants-lumieres.com\\\/home\\\/#breadcrumb\"},\"inLanguage\":\"en-GB\",\"potentialAction\":[{\"@type\":\"ReadAction\",\"target\":[\"https:\\\/\\\/enfants-lumieres.com\\\/home\\\/\"]}]},{\"@type\":\"ImageObject\",\"inLanguage\":\"en-GB\",\"@id\":\"https:\\\/\\\/enfants-lumieres.com\\\/home\\\/#primaryimage\",\"url\":\"https:\\\/\\\/enfants-lumieres.com\\\/wp-content\\\/uploads\\\/2024\\\/05\\\/Empowering-young-minds-for-a-brighter-future.png\",\"contentUrl\":\"https:\\\/\\\/enfants-lumieres.com\\\/wp-content\\\/uploads\\\/2024\\\/05\\\/Empowering-young-minds-for-a-brighter-future.png\",\"width\":705,\"height\":591},{\"@type\":\"BreadcrumbList\",\"@id\":\"https:\\\/\\\/enfants-lumieres.com\\\/home\\\/#breadcrumb\",\"itemListElement\":[{\"@type\":\"ListItem\",\"position\":1,\"name\":\"Accueil\",\"item\":\"https:\\\/\\\/enfants-lumieres.com\\\/\"},{\"@type\":\"ListItem\",\"position\":2,\"name\":\"Pr\u00e9sentation de l&rsquo;association\"}]},{\"@type\":\"WebSite\",\"@id\":\"https:\\\/\\\/enfants-lumieres.com\\\/#website\",\"url\":\"https:\\\/\\\/enfants-lumieres.com\\\/\",\"name\":\"Les Enfants Lumi\u00e8res\",\"description\":\"L&#039;\u00e9ducation pour tous aux Comores\",\"publisher\":{\"@id\":\"https:\\\/\\\/enfants-lumieres.com\\\/#organization\"},\"potentialAction\":[{\"@type\":\"SearchAction\",\"target\":{\"@type\":\"EntryPoint\",\"urlTemplate\":\"https:\\\/\\\/enfants-lumieres.com\\\/?s={search_term_string}\"},\"query-input\":{\"@type\":\"PropertyValueSpecification\",\"valueRequired\":true,\"valueName\":\"search_term_string\"}}],\"inLanguage\":\"en-GB\"},{\"@type\":\"Organization\",\"@id\":\"https:\\\/\\\/enfants-lumieres.com\\\/#organization\",\"name\":\"Les Enfants Lumi\u00e8res\",\"url\":\"https:\\\/\\\/enfants-lumieres.com\\\/\",\"logo\":{\"@type\":\"ImageObject\",\"inLanguage\":\"en-GB\",\"@id\":\"https:\\\/\\\/enfants-lumieres.com\\\/#\\\/schema\\\/logo\\\/image\\\/\",\"url\":\"https:\\\/\\\/enfants-lumieres.com\\\/wp-content\\\/uploads\\\/2024\\\/07\\\/PHOTO-2022-08-27-16-43-03.jpg\",\"contentUrl\":\"https:\\\/\\\/enfants-lumieres.com\\\/wp-content\\\/uploads\\\/2024\\\/07\\\/PHOTO-2022-08-27-16-43-03.jpg\",\"width\":500,\"height\":500,\"caption\":\"Les Enfants Lumi\u00e8res\"},\"image\":{\"@id\":\"https:\\\/\\\/enfants-lumieres.com\\\/#\\\/schema\\\/logo\\\/image\\\/\"},\"sameAs\":[\"https:\\\/\\\/www.facebook.com\\\/people\\\/Association-Les-Enfants-Lumires\\\/100085257520615\\\/\"]}]}<\/script>\n<!-- \/ Yoast SEO plugin. -->","yoast_head_json":{"title":"Pr\u00e9sentation de l'association - Les Enfants Lumi\u00e8res","robots":{"index":"index","follow":"follow","max-snippet":"max-snippet:-1","max-image-preview":"max-image-preview:large","max-video-preview":"max-video-preview:-1"},"canonical":"https:\/\/enfants-lumieres.com\/en\/home\/","og_locale":"en_GB","og_type":"article","og_title":"Pr\u00e9sentation de l'association - Les Enfants Lumi\u00e8res","og_url":"https:\/\/enfants-lumieres.com\/en\/home\/","og_site_name":"Les Enfants Lumi\u00e8res","article_publisher":"https:\/\/www.facebook.com\/people\/Association-Les-Enfants-Lumires\/100085257520615\/","article_modified_time":"2026-04-13T17:50:32+00:00","og_image":[{"width":705,"height":591,"url":"https:\/\/enfants-lumieres.com\/wp-content\/uploads\/2024\/05\/Empowering-young-minds-for-a-brighter-future.png","type":"image\/png"}],"twitter_card":"summary_large_image","twitter_misc":{"Estimated reading time":"4 minutes"},"schema":{"@context":"https:\/\/schema.org","@graph":[{"@type":"WebPage","@id":"https:\/\/enfants-lumieres.com\/home\/","url":"https:\/\/enfants-lumieres.com\/home\/","name":"Pr\u00e9sentation de l'association - Les Enfants Lumi\u00e8res","isPartOf":{"@id":"https:\/\/enfants-lumieres.com\/#website"},"primaryImageOfPage":{"@id":"https:\/\/enfants-lumieres.com\/home\/#primaryimage"},"image":{"@id":"https:\/\/enfants-lumieres.com\/home\/#primaryimage"},"thumbnailUrl":"https:\/\/enfants-lumieres.com\/wp-content\/uploads\/2024\/05\/Empowering-young-minds-for-a-brighter-future.png","datePublished":"2016-11-19T06:28:26+00:00","dateModified":"2026-04-13T17:50:32+00:00","breadcrumb":{"@id":"https:\/\/enfants-lumieres.com\/home\/#breadcrumb"},"inLanguage":"en-GB","potentialAction":[{"@type":"ReadAction","target":["https:\/\/enfants-lumieres.com\/home\/"]}]},{"@type":"ImageObject","inLanguage":"en-GB","@id":"https:\/\/enfants-lumieres.com\/home\/#primaryimage","url":"https:\/\/enfants-lumieres.com\/wp-content\/uploads\/2024\/05\/Empowering-young-minds-for-a-brighter-future.png","contentUrl":"https:\/\/enfants-lumieres.com\/wp-content\/uploads\/2024\/05\/Empowering-young-minds-for-a-brighter-future.png","width":705,"height":591},{"@type":"BreadcrumbList","@id":"https:\/\/enfants-lumieres.com\/home\/#breadcrumb","itemListElement":[{"@type":"ListItem","position":1,"name":"Accueil","item":"https:\/\/enfants-lumieres.com\/"},{"@type":"ListItem","position":2,"name":"Pr\u00e9sentation de l&rsquo;association"}]},{"@type":"WebSite","@id":"https:\/\/enfants-lumieres.com\/#website","url":"https:\/\/enfants-lumieres.com\/","name":"Les Enfants Lumi\u00e8res","description":"L&#039;\u00e9ducation pour tous aux Comores","publisher":{"@id":"https:\/\/enfants-lumieres.com\/#organization"},"potentialAction":[{"@type":"SearchAction","target":{"@type":"EntryPoint","urlTemplate":"https:\/\/enfants-lumieres.com\/?s={search_term_string}"},"query-input":{"@type":"PropertyValueSpecification","valueRequired":true,"valueName":"search_term_string"}}],"inLanguage":"en-GB"},{"@type":"Organization","@id":"https:\/\/enfants-lumieres.com\/#organization","name":"Les Enfants Lumi\u00e8res","url":"https:\/\/enfants-lumieres.com\/","logo":{"@type":"ImageObject","inLanguage":"en-GB","@id":"https:\/\/enfants-lumieres.com\/#\/schema\/logo\/image\/","url":"https:\/\/enfants-lumieres.com\/wp-content\/uploads\/2024\/07\/PHOTO-2022-08-27-16-43-03.jpg","contentUrl":"https:\/\/enfants-lumieres.com\/wp-content\/uploads\/2024\/07\/PHOTO-2022-08-27-16-43-03.jpg","width":500,"height":500,"caption":"Les Enfants Lumi\u00e8res"},"image":{"@id":"https:\/\/enfants-lumieres.com\/#\/schema\/logo\/image\/"},"sameAs":["https:\/\/www.facebook.com\/people\/Association-Les-Enfants-Lumires\/100085257520615\/"]}]}},"campaignId":"","_links":{"self":[{"href":"https:\/\/enfants-lumieres.com\/en\/wp-json\/wp\/v2\/pages\/7467","targetHints":{"allow":["GET"]}}],"collection":[{"href":"https:\/\/enfants-lumieres.com\/en\/wp-json\/wp\/v2\/pages"}],"about":[{"href":"https:\/\/enfants-lumieres.com\/en\/wp-json\/wp\/v2\/types\/page"}],"author":[{"embeddable":true,"href":"https:\/\/enfants-lumieres.com\/en\/wp-json\/wp\/v2\/users\/1"}],"replies":[{"embeddable":true,"href":"https:\/\/enfants-lumieres.com\/en\/wp-json\/wp\/v2\/comments?post=7467"}],"version-history":[{"count":60,"href":"https:\/\/enfants-lumieres.com\/en\/wp-json\/wp\/v2\/pages\/7467\/revisions"}],"predecessor-version":[{"id":13902,"href":"https:\/\/enfants-lumieres.com\/en\/wp-json\/wp\/v2\/pages\/7467\/revisions\/13902"}],"wp:featuredmedia":[{"embeddable":true,"href":"https:\/\/enfants-lumieres.com\/en\/wp-json\/wp\/v2\/media\/13398"}],"wp:attachment":[{"href":"https:\/\/enfants-lumieres.com\/en\/wp-json\/wp\/v2\/media?parent=7467"}],"curies":[{"name":"wp","href":"https:\/\/api.w.org\/{rel}","templated":true}]}}